{"id":936,"date":"2024-01-12T15:17:36","date_gmt":"2024-01-12T15:17:36","guid":{"rendered":"https:\/\/vapesnus.eu\/product\/vozol-riegel-lite-apfel-pfirsich-20mg-g\/"},"modified":"2025-07-15T09:40:41","modified_gmt":"2025-07-15T09:40:41","slug":"vozol-riegel-lite-apfel-pfirsich-20mg-g","status":"publish","type":"product","link":"https:\/\/vapesnus.eu\/de\/produkt\/vozol-riegel-lite-apfel-pfirsich-20mg-g\/","title":{"rendered":"VOZOL Bar Lite &#8211; Apple Peach 20mg\/ml"},"content":{"rendered":"","protected":false},"excerpt":{"rendered":"<p><strong>Geschmack:<\/strong> Apple Peach<br \/>\n<strong>Nikotingehalt:<\/strong> 20mg\/ml<br \/>\n<strong>E-Fl\u00fcssigkeit Kapazit\u00e4t:<\/strong> 2ml<br \/>\n<strong>Akku-Kapazit\u00e4t:<\/strong> 550mAh<br \/>\n<strong>Puffs:<\/strong> 600+<\/p>\n","protected":false},"featured_media":701,"template":"","meta":[],"product_cat":[53,54],"product_tag":[102,101],"acf":[],"yoast_head":"<!-- This site is optimized with the Yoast SEO plugin v22.0 - https:\/\/yoast.com\/wordpress\/plugins\/seo\/ -->\n<title>VOZOL Bar Lite - Apple Peach 20mg\/ml - Vape Snus<\/title>\n<meta name=\"robots\" content=\"index, follow, max-snippet:-1, max-image-preview:large, max-video-preview:-1\" \/>\n<link rel=\"canonical\" href=\"https:\/\/vapesnus.eu\/de\/produkt\/vozol-riegel-lite-apfel-pfirsich-20mg-g\/\" \/>\n<meta property=\"og:locale\" content=\"de_DE\" \/>\n<meta property=\"og:type\" content=\"article\" \/>\n<meta property=\"og:title\" content=\"VOZOL Bar Lite - Apple Peach 20mg\/ml - Vape Snus\" \/>\n<meta property=\"og:description\" content=\"Geschmack: Apple Peach Nikotingehalt: 20mg\/ml E-Fl\u00fcssigkeit Kapazit\u00e4t: 2ml Akku-Kapazit\u00e4t: 550mAh Puffs: 600+\" \/>\n<meta property=\"og:url\" content=\"https:\/\/vapesnus.eu\/de\/produkt\/vozol-riegel-lite-apfel-pfirsich-20mg-g\/\" \/>\n<meta property=\"og:site_name\" content=\"Vape Snus\" \/>\n<meta property=\"article:modified_time\" content=\"2025-07-15T09:40:41+00:00\" \/>\n<meta property=\"og:image\" content=\"https:\/\/vapesnus.eu\/wp-content\/uploads\/2023\/12\/Vozol_Bar_Lite_Apple_Peach.jpg\" \/>\n\t<meta property=\"og:image:width\" content=\"1200\" \/>\n\t<meta property=\"og:image:height\" content=\"1200\" \/>\n\t<meta property=\"og:image:type\" content=\"image\/jpeg\" \/>\n<meta name=\"twitter:card\" content=\"summary_large_image\" \/>\n<meta name=\"twitter:label1\" content=\"Gesch\u00e4tzte Lesezeit\" \/>\n\t<meta name=\"twitter:data1\" content=\"1 Minute\" \/>\n<script type=\"application\/ld+json\" class=\"yoast-schema-graph\">{\"@context\":\"https:\/\/schema.org\",\"@graph\":[{\"@type\":\"WebPage\",\"@id\":\"https:\/\/vapesnus.eu\/de\/produkt\/vozol-riegel-lite-apfel-pfirsich-20mg-g\/\",\"url\":\"https:\/\/vapesnus.eu\/de\/produkt\/vozol-riegel-lite-apfel-pfirsich-20mg-g\/\",\"name\":\"VOZOL Bar Lite - Apple Peach 20mg\/ml - Vape Snus\",\"isPartOf\":{\"@id\":\"https:\/\/vapesnus.eu\/#website\"},\"datePublished\":\"2024-01-12T15:17:36+00:00\",\"dateModified\":\"2025-07-15T09:40:41+00:00\",\"breadcrumb\":{\"@id\":\"https:\/\/vapesnus.eu\/de\/produkt\/vozol-riegel-lite-apfel-pfirsich-20mg-g\/#breadcrumb\"},\"inLanguage\":\"de-DE\",\"potentialAction\":[{\"@type\":\"ReadAction\",\"target\":[\"https:\/\/vapesnus.eu\/de\/produkt\/vozol-riegel-lite-apfel-pfirsich-20mg-g\/\"]}]},{\"@type\":\"BreadcrumbList\",\"@id\":\"https:\/\/vapesnus.eu\/de\/produkt\/vozol-riegel-lite-apfel-pfirsich-20mg-g\/#breadcrumb\",\"itemListElement\":[{\"@type\":\"ListItem\",\"position\":1,\"name\":\"Home\",\"item\":\"https:\/\/vapesnus.eu\/de\/\"},{\"@type\":\"ListItem\",\"position\":2,\"name\":\"VOZOL Bar Lite &#8211; Apple Peach 20mg\/ml\"}]},{\"@type\":\"WebSite\",\"@id\":\"https:\/\/vapesnus.eu\/#website\",\"url\":\"https:\/\/vapesnus.eu\/\",\"name\":\"VapeSnus\",\"description\":\"Crafted for the discerning enthusiast\",\"publisher\":{\"@id\":\"https:\/\/vapesnus.eu\/#organization\"},\"potentialAction\":[{\"@type\":\"SearchAction\",\"target\":{\"@type\":\"EntryPoint\",\"urlTemplate\":\"https:\/\/vapesnus.eu\/?s={search_term_string}\"},\"query-input\":\"required name=search_term_string\"}],\"inLanguage\":\"de-DE\"},{\"@type\":\"Organization\",\"@id\":\"https:\/\/vapesnus.eu\/#organization\",\"name\":\"VapeSnus\",\"url\":\"https:\/\/vapesnus.eu\/\",\"logo\":{\"@type\":\"ImageObject\",\"inLanguage\":\"de-DE\",\"@id\":\"https:\/\/vapesnus.eu\/#\/schema\/logo\/image\/\",\"url\":\"https:\/\/vapesnus.eu\/wp-content\/uploads\/2023\/11\/vapesnus.webp\",\"contentUrl\":\"https:\/\/vapesnus.eu\/wp-content\/uploads\/2023\/11\/vapesnus.webp\",\"width\":942,\"height\":346,\"caption\":\"VapeSnus\"},\"image\":{\"@id\":\"https:\/\/vapesnus.eu\/#\/schema\/logo\/image\/\"}}]}<\/script>\n<!-- \/ Yoast SEO plugin. -->","yoast_head_json":{"title":"VOZOL Bar Lite - Apple Peach 20mg\/ml - Vape Snus","robots":{"index":"index","follow":"follow","max-snippet":"max-snippet:-1","max-image-preview":"max-image-preview:large","max-video-preview":"max-video-preview:-1"},"canonical":"https:\/\/vapesnus.eu\/de\/produkt\/vozol-riegel-lite-apfel-pfirsich-20mg-g\/","og_locale":"de_DE","og_type":"article","og_title":"VOZOL Bar Lite - Apple Peach 20mg\/ml - Vape Snus","og_description":"Geschmack: Apple Peach Nikotingehalt: 20mg\/ml E-Fl\u00fcssigkeit Kapazit\u00e4t: 2ml Akku-Kapazit\u00e4t: 550mAh Puffs: 600+","og_url":"https:\/\/vapesnus.eu\/de\/produkt\/vozol-riegel-lite-apfel-pfirsich-20mg-g\/","og_site_name":"Vape Snus","article_modified_time":"2025-07-15T09:40:41+00:00","og_image":[{"width":1200,"height":1200,"url":"https:\/\/vapesnus.eu\/wp-content\/uploads\/2023\/12\/Vozol_Bar_Lite_Apple_Peach.jpg","type":"image\/jpeg"}],"twitter_card":"summary_large_image","twitter_misc":{"Gesch\u00e4tzte Lesezeit":"1 Minute"},"schema":{"@context":"https:\/\/schema.org","@graph":[{"@type":"WebPage","@id":"https:\/\/vapesnus.eu\/de\/produkt\/vozol-riegel-lite-apfel-pfirsich-20mg-g\/","url":"https:\/\/vapesnus.eu\/de\/produkt\/vozol-riegel-lite-apfel-pfirsich-20mg-g\/","name":"VOZOL Bar Lite - Apple Peach 20mg\/ml - Vape Snus","isPartOf":{"@id":"https:\/\/vapesnus.eu\/#website"},"datePublished":"2024-01-12T15:17:36+00:00","dateModified":"2025-07-15T09:40:41+00:00","breadcrumb":{"@id":"https:\/\/vapesnus.eu\/de\/produkt\/vozol-riegel-lite-apfel-pfirsich-20mg-g\/#breadcrumb"},"inLanguage":"de-DE","potentialAction":[{"@type":"ReadAction","target":["https:\/\/vapesnus.eu\/de\/produkt\/vozol-riegel-lite-apfel-pfirsich-20mg-g\/"]}]},{"@type":"BreadcrumbList","@id":"https:\/\/vapesnus.eu\/de\/produkt\/vozol-riegel-lite-apfel-pfirsich-20mg-g\/#breadcrumb","itemListElement":[{"@type":"ListItem","position":1,"name":"Home","item":"https:\/\/vapesnus.eu\/de\/"},{"@type":"ListItem","position":2,"name":"VOZOL Bar Lite &#8211; Apple Peach 20mg\/ml"}]},{"@type":"WebSite","@id":"https:\/\/vapesnus.eu\/#website","url":"https:\/\/vapesnus.eu\/","name":"VapeSnus","description":"Crafted for the discerning enthusiast","publisher":{"@id":"https:\/\/vapesnus.eu\/#organization"},"potentialAction":[{"@type":"SearchAction","target":{"@type":"EntryPoint","urlTemplate":"https:\/\/vapesnus.eu\/?s={search_term_string}"},"query-input":"required name=search_term_string"}],"inLanguage":"de-DE"},{"@type":"Organization","@id":"https:\/\/vapesnus.eu\/#organization","name":"VapeSnus","url":"https:\/\/vapesnus.eu\/","logo":{"@type":"ImageObject","inLanguage":"de-DE","@id":"https:\/\/vapesnus.eu\/#\/schema\/logo\/image\/","url":"https:\/\/vapesnus.eu\/wp-content\/uploads\/2023\/11\/vapesnus.webp","contentUrl":"https:\/\/vapesnus.eu\/wp-content\/uploads\/2023\/11\/vapesnus.webp","width":942,"height":346,"caption":"VapeSnus"},"image":{"@id":"https:\/\/vapesnus.eu\/#\/schema\/logo\/image\/"}}]}},"_links":{"self":[{"href":"https:\/\/vapesnus.eu\/de\/wp-json\/wp\/v2\/product\/936"}],"collection":[{"href":"https:\/\/vapesnus.eu\/de\/wp-json\/wp\/v2\/product"}],"about":[{"href":"https:\/\/vapesnus.eu\/de\/wp-json\/wp\/v2\/types\/product"}],"wp:featuredmedia":[{"embeddable":true,"href":"https:\/\/vapesnus.eu\/de\/wp-json\/wp\/v2\/media\/701"}],"wp:attachment":[{"href":"https:\/\/vapesnus.eu\/de\/wp-json\/wp\/v2\/media?parent=936"}],"wp:term":[{"taxonomy":"product_cat","embeddable":true,"href":"https:\/\/vapesnus.eu\/de\/wp-json\/wp\/v2\/product_cat?post=936"},{"taxonomy":"product_tag","embeddable":true,"href":"https:\/\/vapesnus.eu\/de\/wp-json\/wp\/v2\/product_tag?post=936"}],"curies":[{"name":"wp","href":"https:\/\/api.w.org\/{rel}","templated":true}]}}