{"id":935,"date":"2024-01-12T15:05:40","date_gmt":"2024-01-12T15:05:40","guid":{"rendered":"https:\/\/vapesnus.eu\/product\/vabeen-flex-nano-ananas-eis\/"},"modified":"2024-05-16T07:35:51","modified_gmt":"2024-05-16T07:35:51","slug":"vabeen-flex-nano-ananas-eis","status":"publish","type":"product","link":"https:\/\/vapesnus.eu\/de\/produkt\/vabeen-flex-nano-ananas-eis\/","title":{"rendered":"VABEEN Flex Nano &#8211; Pineapple Ice 20mg\/ml"},"content":{"rendered":"<p>Die Vabeen Flex Nano Pen-Stil disposabel vape mit besonderem Design &#8211; aus metallischem Material, ist sein \u00c4u\u00dferes hochglanzpoliert und elegant au\u00dfen, um ein gro\u00dfes Handgef\u00fchl und bequemen Gebrauch zu bieten.<\/p>\n<p>Besserer Geschmack und leckagefrei:<\/p>\n<p>Einzigartiges Filterdesign &#8211; Eingebauter Filter zum Filtern von E-Saft, Kondensat und anderen Verunreinigungen, wodurch ein viel reineres und sichereres Dampferlebnis entsteht.<\/p>\n<p>Ein weiches Silikon-Mundst\u00fcck bietet eine Weichheit und Sicherheit, die Ihnen eine wunderbare Erfahrung vaping.<\/p>\n<p>Premium-Baumwollspule gibt eine perfekte MTL vaping und ausgezeichneten Geschmack. Die Spule erh\u00f6ht die Kapazit\u00e4t der e-Fl\u00fcssigkeit Lagerung und \u00dcbertragung ohne Leckage. Die E-Fl\u00fcssigkeit kann sofort verdampft werden und liefert einen gro\u00dfartigen Kehlkopfschlag, weichen Dampf und einen sanften Geschmack.<\/p>\n","protected":false},"excerpt":{"rendered":"<p><strong>Geschmacksrichtung:<\/strong> Pineapple Ice<br \/>\n<strong>Nikotingehalt:<\/strong> 20mg\/ml<br \/>\n<strong>E-Fl\u00fcssigkeit Kapazit\u00e4t:<\/strong> 2ml<br \/>\n<strong>Batteriekapazit\u00e4t:<\/strong> 400mAh<br \/>\n<strong>Puffs:<\/strong> 600<\/p>\n","protected":false},"featured_media":716,"template":"","meta":[],"product_cat":[99,53],"product_tag":[102,101],"acf":[],"yoast_head":"<!-- This site is optimized with the Yoast SEO plugin v22.0 - https:\/\/yoast.com\/wordpress\/plugins\/seo\/ -->\n<title>VABEEN Flex Nano - Pineapple Ice 20mg\/ml - Vape Snus<\/title>\n<meta name=\"robots\" content=\"index, follow, max-snippet:-1, max-image-preview:large, max-video-preview:-1\" \/>\n<link rel=\"canonical\" href=\"https:\/\/vapesnus.eu\/de\/produkt\/vabeen-flex-nano-ananas-eis\/\" \/>\n<meta property=\"og:locale\" content=\"de_DE\" \/>\n<meta property=\"og:type\" content=\"article\" \/>\n<meta property=\"og:title\" content=\"VABEEN Flex Nano - Pineapple Ice 20mg\/ml - Vape Snus\" \/>\n<meta property=\"og:description\" content=\"Geschmacksrichtung: Pineapple Ice Nikotingehalt: 20mg\/ml E-Fl\u00fcssigkeit Kapazit\u00e4t: 2ml Batteriekapazit\u00e4t: 400mAh Puffs: 600\" \/>\n<meta property=\"og:url\" content=\"https:\/\/vapesnus.eu\/de\/produkt\/vabeen-flex-nano-ananas-eis\/\" \/>\n<meta property=\"og:site_name\" content=\"Vape Snus\" \/>\n<meta property=\"article:modified_time\" content=\"2024-05-16T07:35:51+00:00\" \/>\n<meta property=\"og:image\" content=\"https:\/\/vapesnus.eu\/wp-content\/uploads\/2023\/12\/vabeen_flex_nano_pineapple_ice.png\" \/>\n\t<meta property=\"og:image:width\" content=\"800\" \/>\n\t<meta property=\"og:image:height\" content=\"800\" \/>\n\t<meta property=\"og:image:type\" content=\"image\/png\" \/>\n<meta name=\"twitter:card\" content=\"summary_large_image\" \/>\n<meta name=\"twitter:label1\" content=\"Gesch\u00e4tzte Lesezeit\" \/>\n\t<meta name=\"twitter:data1\" content=\"1 Minute\" \/>\n<script type=\"application\/ld+json\" class=\"yoast-schema-graph\">{\"@context\":\"https:\/\/schema.org\",\"@graph\":[{\"@type\":\"WebPage\",\"@id\":\"https:\/\/vapesnus.eu\/de\/produkt\/vabeen-flex-nano-ananas-eis\/\",\"url\":\"https:\/\/vapesnus.eu\/de\/produkt\/vabeen-flex-nano-ananas-eis\/\",\"name\":\"VABEEN Flex Nano - Pineapple Ice 20mg\/ml - Vape Snus\",\"isPartOf\":{\"@id\":\"https:\/\/vapesnus.eu\/#website\"},\"datePublished\":\"2024-01-12T15:05:40+00:00\",\"dateModified\":\"2024-05-16T07:35:51+00:00\",\"breadcrumb\":{\"@id\":\"https:\/\/vapesnus.eu\/de\/produkt\/vabeen-flex-nano-ananas-eis\/#breadcrumb\"},\"inLanguage\":\"de-DE\",\"potentialAction\":[{\"@type\":\"ReadAction\",\"target\":[\"https:\/\/vapesnus.eu\/de\/produkt\/vabeen-flex-nano-ananas-eis\/\"]}]},{\"@type\":\"BreadcrumbList\",\"@id\":\"https:\/\/vapesnus.eu\/de\/produkt\/vabeen-flex-nano-ananas-eis\/#breadcrumb\",\"itemListElement\":[{\"@type\":\"ListItem\",\"position\":1,\"name\":\"Home\",\"item\":\"https:\/\/vapesnus.eu\/de\/\"},{\"@type\":\"ListItem\",\"position\":2,\"name\":\"VABEEN Flex Nano &#8211; Pineapple Ice 20mg\/ml\"}]},{\"@type\":\"WebSite\",\"@id\":\"https:\/\/vapesnus.eu\/#website\",\"url\":\"https:\/\/vapesnus.eu\/\",\"name\":\"VapeSnus\",\"description\":\"Crafted for the discerning enthusiast\",\"publisher\":{\"@id\":\"https:\/\/vapesnus.eu\/#organization\"},\"potentialAction\":[{\"@type\":\"SearchAction\",\"target\":{\"@type\":\"EntryPoint\",\"urlTemplate\":\"https:\/\/vapesnus.eu\/?s={search_term_string}\"},\"query-input\":\"required name=search_term_string\"}],\"inLanguage\":\"de-DE\"},{\"@type\":\"Organization\",\"@id\":\"https:\/\/vapesnus.eu\/#organization\",\"name\":\"VapeSnus\",\"url\":\"https:\/\/vapesnus.eu\/\",\"logo\":{\"@type\":\"ImageObject\",\"inLanguage\":\"de-DE\",\"@id\":\"https:\/\/vapesnus.eu\/#\/schema\/logo\/image\/\",\"url\":\"https:\/\/vapesnus.eu\/wp-content\/uploads\/2023\/11\/vapesnus.webp\",\"contentUrl\":\"https:\/\/vapesnus.eu\/wp-content\/uploads\/2023\/11\/vapesnus.webp\",\"width\":942,\"height\":346,\"caption\":\"VapeSnus\"},\"image\":{\"@id\":\"https:\/\/vapesnus.eu\/#\/schema\/logo\/image\/\"}}]}<\/script>\n<!-- \/ Yoast SEO plugin. -->","yoast_head_json":{"title":"VABEEN Flex Nano - Pineapple Ice 20mg\/ml - Vape Snus","robots":{"index":"index","follow":"follow","max-snippet":"max-snippet:-1","max-image-preview":"max-image-preview:large","max-video-preview":"max-video-preview:-1"},"canonical":"https:\/\/vapesnus.eu\/de\/produkt\/vabeen-flex-nano-ananas-eis\/","og_locale":"de_DE","og_type":"article","og_title":"VABEEN Flex Nano - Pineapple Ice 20mg\/ml - Vape Snus","og_description":"Geschmacksrichtung: Pineapple Ice Nikotingehalt: 20mg\/ml E-Fl\u00fcssigkeit Kapazit\u00e4t: 2ml Batteriekapazit\u00e4t: 400mAh Puffs: 600","og_url":"https:\/\/vapesnus.eu\/de\/produkt\/vabeen-flex-nano-ananas-eis\/","og_site_name":"Vape Snus","article_modified_time":"2024-05-16T07:35:51+00:00","og_image":[{"width":800,"height":800,"url":"https:\/\/vapesnus.eu\/wp-content\/uploads\/2023\/12\/vabeen_flex_nano_pineapple_ice.png","type":"image\/png"}],"twitter_card":"summary_large_image","twitter_misc":{"Gesch\u00e4tzte Lesezeit":"1 Minute"},"schema":{"@context":"https:\/\/schema.org","@graph":[{"@type":"WebPage","@id":"https:\/\/vapesnus.eu\/de\/produkt\/vabeen-flex-nano-ananas-eis\/","url":"https:\/\/vapesnus.eu\/de\/produkt\/vabeen-flex-nano-ananas-eis\/","name":"VABEEN Flex Nano - Pineapple Ice 20mg\/ml - Vape Snus","isPartOf":{"@id":"https:\/\/vapesnus.eu\/#website"},"datePublished":"2024-01-12T15:05:40+00:00","dateModified":"2024-05-16T07:35:51+00:00","breadcrumb":{"@id":"https:\/\/vapesnus.eu\/de\/produkt\/vabeen-flex-nano-ananas-eis\/#breadcrumb"},"inLanguage":"de-DE","potentialAction":[{"@type":"ReadAction","target":["https:\/\/vapesnus.eu\/de\/produkt\/vabeen-flex-nano-ananas-eis\/"]}]},{"@type":"BreadcrumbList","@id":"https:\/\/vapesnus.eu\/de\/produkt\/vabeen-flex-nano-ananas-eis\/#breadcrumb","itemListElement":[{"@type":"ListItem","position":1,"name":"Home","item":"https:\/\/vapesnus.eu\/de\/"},{"@type":"ListItem","position":2,"name":"VABEEN Flex Nano &#8211; Pineapple Ice 20mg\/ml"}]},{"@type":"WebSite","@id":"https:\/\/vapesnus.eu\/#website","url":"https:\/\/vapesnus.eu\/","name":"VapeSnus","description":"Crafted for the discerning enthusiast","publisher":{"@id":"https:\/\/vapesnus.eu\/#organization"},"potentialAction":[{"@type":"SearchAction","target":{"@type":"EntryPoint","urlTemplate":"https:\/\/vapesnus.eu\/?s={search_term_string}"},"query-input":"required name=search_term_string"}],"inLanguage":"de-DE"},{"@type":"Organization","@id":"https:\/\/vapesnus.eu\/#organization","name":"VapeSnus","url":"https:\/\/vapesnus.eu\/","logo":{"@type":"ImageObject","inLanguage":"de-DE","@id":"https:\/\/vapesnus.eu\/#\/schema\/logo\/image\/","url":"https:\/\/vapesnus.eu\/wp-content\/uploads\/2023\/11\/vapesnus.webp","contentUrl":"https:\/\/vapesnus.eu\/wp-content\/uploads\/2023\/11\/vapesnus.webp","width":942,"height":346,"caption":"VapeSnus"},"image":{"@id":"https:\/\/vapesnus.eu\/#\/schema\/logo\/image\/"}}]}},"_links":{"self":[{"href":"https:\/\/vapesnus.eu\/de\/wp-json\/wp\/v2\/product\/935"}],"collection":[{"href":"https:\/\/vapesnus.eu\/de\/wp-json\/wp\/v2\/product"}],"about":[{"href":"https:\/\/vapesnus.eu\/de\/wp-json\/wp\/v2\/types\/product"}],"wp:featuredmedia":[{"embeddable":true,"href":"https:\/\/vapesnus.eu\/de\/wp-json\/wp\/v2\/media\/716"}],"wp:attachment":[{"href":"https:\/\/vapesnus.eu\/de\/wp-json\/wp\/v2\/media?parent=935"}],"wp:term":[{"taxonomy":"product_cat","embeddable":true,"href":"https:\/\/vapesnus.eu\/de\/wp-json\/wp\/v2\/product_cat?post=935"},{"taxonomy":"product_tag","embeddable":true,"href":"https:\/\/vapesnus.eu\/de\/wp-json\/wp\/v2\/product_tag?post=935"}],"curies":[{"name":"wp","href":"https:\/\/api.w.org\/{rel}","templated":true}]}}