{"id":536,"date":"2023-11-30T09:54:43","date_gmt":"2023-11-30T09:54:43","guid":{"rendered":"https:\/\/vapesnus.eu\/?post_type=product&#038;p=536"},"modified":"2024-05-16T08:43:13","modified_gmt":"2024-05-16T08:43:13","slug":"izy-vape-ein-pfirsich-eis-0mg-ml","status":"publish","type":"product","link":"https:\/\/vapesnus.eu\/de\/produkt\/izy-vape-ein-pfirsich-eis-0mg-ml\/","title":{"rendered":"IZY Vape One &#8211; Peach Ice 0mg\/ml"},"content":{"rendered":"<p>Der IZY Vape One Disposable POD, der mit Nikotinsalzen angereichert ist, repr\u00e4sentiert die neue \u00c4ra des Nikotin-E-Liquid-Vapings. Der kompakte, elegante und diskrete IZY POD ist auf Komfort und Benutzerfreundlichkeit ausgelegt. Sie ist mit einer Vielzahl beliebter Nikotinsalz-Aromen vorgeladen und bietet ein reichhaltiges und befriedigendes Erlebnis.<\/p>\n<p>Dieses Ger\u00e4t ist eine hervorragende Alternative f\u00fcr Zigarettenraucher, denn es bietet einen einfachen, durch Ziehen aktivierten Mechanismus, der die Unordnung und den \u00c4rger des traditionellen Rauchens beseitigt. Der IZY Vape One entspricht dem Inhalt von zwei Schachteln Zigaretten und ist damit eine kosteng\u00fcnstige Wahl. Der vorgeladene Akku ist langlebig und sorgt daf\u00fcr, dass Sie das volle Potenzial des PODs ohne Unterbrechung nutzen k\u00f6nnen.<\/p>\n<p>Beim IZY Vape One dreht sich alles um Einfachheit und Genuss, ohne Kn\u00f6pfe oder komplizierte Einstellungen &#8211; einfach dampfen und den Moment genie\u00dfen.<\/p>\n<p>Zutaten: pflanzliches Glycerin (VG), Propylenglykol (PG), Aromen.<\/p>\n","protected":false},"excerpt":{"rendered":"<p><strong>Geschmack: <\/strong>Peach Ice<strong><br \/>\n<\/strong><strong>Nikotingehalt:<\/strong> 0mg\/ml<br \/>\n<strong>E-Fl\u00fcssigkeit Kapazit\u00e4t<\/strong>: 2ml<br \/>\n<strong>Batteriekapazit\u00e4t<\/strong>: 400mAh<br \/>\n<strong>Puffs<\/strong>: 600<\/p>\n","protected":false},"featured_media":1092,"template":"","meta":[],"product_cat":[55,53],"product_tag":[102,101],"acf":[],"yoast_head":"<!-- This site is optimized with the Yoast SEO plugin v22.0 - https:\/\/yoast.com\/wordpress\/plugins\/seo\/ -->\n<title>IZY Vape One - Peach Ice 0mg\/ml - Vape Snus<\/title>\n<meta name=\"description\" content=\"Erleben Sie die Eleganz des IZY Vape One POD, der beliebte Nikotinsalz-Aromen in einem diskreten, einfach zu bedienenden Ger\u00e4t bietet. W\u00e4hlen Sie Ihren Favoriten und genie\u00dfen Sie ihn!\" \/>\n<meta name=\"robots\" content=\"index, follow, max-snippet:-1, max-image-preview:large, max-video-preview:-1\" \/>\n<link rel=\"canonical\" href=\"https:\/\/vapesnus.eu\/de\/produkt\/izy-vape-ein-pfirsich-eis-0mg-ml\/\" \/>\n<meta property=\"og:locale\" content=\"de_DE\" \/>\n<meta property=\"og:type\" content=\"article\" \/>\n<meta property=\"og:title\" content=\"IZY Vape One - Peach Ice 0mg\/ml - Vape Snus\" \/>\n<meta property=\"og:description\" content=\"Erleben Sie die Eleganz des IZY Vape One POD, der beliebte Nikotinsalz-Aromen in einem diskreten, einfach zu bedienenden Ger\u00e4t bietet. W\u00e4hlen Sie Ihren Favoriten und genie\u00dfen Sie ihn!\" \/>\n<meta property=\"og:url\" content=\"https:\/\/vapesnus.eu\/de\/produkt\/izy-vape-ein-pfirsich-eis-0mg-ml\/\" \/>\n<meta property=\"og:site_name\" content=\"Vape Snus\" \/>\n<meta property=\"article:modified_time\" content=\"2024-05-16T08:43:13+00:00\" \/>\n<meta property=\"og:image\" content=\"https:\/\/vapesnus.eu\/wp-content\/uploads\/2023\/11\/IZY-Vape-One-Peach_ice_0.png\" \/>\n\t<meta property=\"og:image:width\" content=\"500\" \/>\n\t<meta property=\"og:image:height\" content=\"500\" \/>\n\t<meta property=\"og:image:type\" content=\"image\/png\" \/>\n<meta name=\"twitter:card\" content=\"summary_large_image\" \/>\n<meta name=\"twitter:label1\" content=\"Gesch\u00e4tzte Lesezeit\" \/>\n\t<meta name=\"twitter:data1\" content=\"1 Minute\" \/>\n<script type=\"application\/ld+json\" class=\"yoast-schema-graph\">{\"@context\":\"https:\/\/schema.org\",\"@graph\":[{\"@type\":\"WebPage\",\"@id\":\"https:\/\/vapesnus.eu\/de\/produkt\/izy-vape-ein-pfirsich-eis-0mg-ml\/\",\"url\":\"https:\/\/vapesnus.eu\/de\/produkt\/izy-vape-ein-pfirsich-eis-0mg-ml\/\",\"name\":\"IZY Vape One - Peach Ice 0mg\/ml - Vape Snus\",\"isPartOf\":{\"@id\":\"https:\/\/vapesnus.eu\/#website\"},\"datePublished\":\"2023-11-30T09:54:43+00:00\",\"dateModified\":\"2024-05-16T08:43:13+00:00\",\"description\":\"Erleben Sie die Eleganz des IZY Vape One POD, der beliebte Nikotinsalz-Aromen in einem diskreten, einfach zu bedienenden Ger\u00e4t bietet. W\u00e4hlen Sie Ihren Favoriten und genie\u00dfen Sie ihn!\",\"breadcrumb\":{\"@id\":\"https:\/\/vapesnus.eu\/de\/produkt\/izy-vape-ein-pfirsich-eis-0mg-ml\/#breadcrumb\"},\"inLanguage\":\"de-DE\",\"potentialAction\":[{\"@type\":\"ReadAction\",\"target\":[\"https:\/\/vapesnus.eu\/de\/produkt\/izy-vape-ein-pfirsich-eis-0mg-ml\/\"]}]},{\"@type\":\"BreadcrumbList\",\"@id\":\"https:\/\/vapesnus.eu\/de\/produkt\/izy-vape-ein-pfirsich-eis-0mg-ml\/#breadcrumb\",\"itemListElement\":[{\"@type\":\"ListItem\",\"position\":1,\"name\":\"Home\",\"item\":\"https:\/\/vapesnus.eu\/de\/\"},{\"@type\":\"ListItem\",\"position\":2,\"name\":\"IZY Vape One &#8211; Peach Ice 0mg\/ml\"}]},{\"@type\":\"WebSite\",\"@id\":\"https:\/\/vapesnus.eu\/#website\",\"url\":\"https:\/\/vapesnus.eu\/\",\"name\":\"VapeSnus\",\"description\":\"Crafted for the discerning enthusiast\",\"publisher\":{\"@id\":\"https:\/\/vapesnus.eu\/#organization\"},\"potentialAction\":[{\"@type\":\"SearchAction\",\"target\":{\"@type\":\"EntryPoint\",\"urlTemplate\":\"https:\/\/vapesnus.eu\/?s={search_term_string}\"},\"query-input\":\"required name=search_term_string\"}],\"inLanguage\":\"de-DE\"},{\"@type\":\"Organization\",\"@id\":\"https:\/\/vapesnus.eu\/#organization\",\"name\":\"VapeSnus\",\"url\":\"https:\/\/vapesnus.eu\/\",\"logo\":{\"@type\":\"ImageObject\",\"inLanguage\":\"de-DE\",\"@id\":\"https:\/\/vapesnus.eu\/#\/schema\/logo\/image\/\",\"url\":\"https:\/\/vapesnus.eu\/wp-content\/uploads\/2023\/11\/vapesnus.webp\",\"contentUrl\":\"https:\/\/vapesnus.eu\/wp-content\/uploads\/2023\/11\/vapesnus.webp\",\"width\":942,\"height\":346,\"caption\":\"VapeSnus\"},\"image\":{\"@id\":\"https:\/\/vapesnus.eu\/#\/schema\/logo\/image\/\"}}]}<\/script>\n<!-- \/ Yoast SEO plugin. -->","yoast_head_json":{"title":"IZY Vape One - Peach Ice 0mg\/ml - Vape Snus","description":"Erleben Sie die Eleganz des IZY Vape One POD, der beliebte Nikotinsalz-Aromen in einem diskreten, einfach zu bedienenden Ger\u00e4t bietet. W\u00e4hlen Sie Ihren Favoriten und genie\u00dfen Sie ihn!","robots":{"index":"index","follow":"follow","max-snippet":"max-snippet:-1","max-image-preview":"max-image-preview:large","max-video-preview":"max-video-preview:-1"},"canonical":"https:\/\/vapesnus.eu\/de\/produkt\/izy-vape-ein-pfirsich-eis-0mg-ml\/","og_locale":"de_DE","og_type":"article","og_title":"IZY Vape One - Peach Ice 0mg\/ml - Vape Snus","og_description":"Erleben Sie die Eleganz des IZY Vape One POD, der beliebte Nikotinsalz-Aromen in einem diskreten, einfach zu bedienenden Ger\u00e4t bietet. W\u00e4hlen Sie Ihren Favoriten und genie\u00dfen Sie ihn!","og_url":"https:\/\/vapesnus.eu\/de\/produkt\/izy-vape-ein-pfirsich-eis-0mg-ml\/","og_site_name":"Vape Snus","article_modified_time":"2024-05-16T08:43:13+00:00","og_image":[{"width":500,"height":500,"url":"https:\/\/vapesnus.eu\/wp-content\/uploads\/2023\/11\/IZY-Vape-One-Peach_ice_0.png","type":"image\/png"}],"twitter_card":"summary_large_image","twitter_misc":{"Gesch\u00e4tzte Lesezeit":"1 Minute"},"schema":{"@context":"https:\/\/schema.org","@graph":[{"@type":"WebPage","@id":"https:\/\/vapesnus.eu\/de\/produkt\/izy-vape-ein-pfirsich-eis-0mg-ml\/","url":"https:\/\/vapesnus.eu\/de\/produkt\/izy-vape-ein-pfirsich-eis-0mg-ml\/","name":"IZY Vape One - Peach Ice 0mg\/ml - Vape Snus","isPartOf":{"@id":"https:\/\/vapesnus.eu\/#website"},"datePublished":"2023-11-30T09:54:43+00:00","dateModified":"2024-05-16T08:43:13+00:00","description":"Erleben Sie die Eleganz des IZY Vape One POD, der beliebte Nikotinsalz-Aromen in einem diskreten, einfach zu bedienenden Ger\u00e4t bietet. W\u00e4hlen Sie Ihren Favoriten und genie\u00dfen Sie ihn!","breadcrumb":{"@id":"https:\/\/vapesnus.eu\/de\/produkt\/izy-vape-ein-pfirsich-eis-0mg-ml\/#breadcrumb"},"inLanguage":"de-DE","potentialAction":[{"@type":"ReadAction","target":["https:\/\/vapesnus.eu\/de\/produkt\/izy-vape-ein-pfirsich-eis-0mg-ml\/"]}]},{"@type":"BreadcrumbList","@id":"https:\/\/vapesnus.eu\/de\/produkt\/izy-vape-ein-pfirsich-eis-0mg-ml\/#breadcrumb","itemListElement":[{"@type":"ListItem","position":1,"name":"Home","item":"https:\/\/vapesnus.eu\/de\/"},{"@type":"ListItem","position":2,"name":"IZY Vape One &#8211; Peach Ice 0mg\/ml"}]},{"@type":"WebSite","@id":"https:\/\/vapesnus.eu\/#website","url":"https:\/\/vapesnus.eu\/","name":"VapeSnus","description":"Crafted for the discerning enthusiast","publisher":{"@id":"https:\/\/vapesnus.eu\/#organization"},"potentialAction":[{"@type":"SearchAction","target":{"@type":"EntryPoint","urlTemplate":"https:\/\/vapesnus.eu\/?s={search_term_string}"},"query-input":"required name=search_term_string"}],"inLanguage":"de-DE"},{"@type":"Organization","@id":"https:\/\/vapesnus.eu\/#organization","name":"VapeSnus","url":"https:\/\/vapesnus.eu\/","logo":{"@type":"ImageObject","inLanguage":"de-DE","@id":"https:\/\/vapesnus.eu\/#\/schema\/logo\/image\/","url":"https:\/\/vapesnus.eu\/wp-content\/uploads\/2023\/11\/vapesnus.webp","contentUrl":"https:\/\/vapesnus.eu\/wp-content\/uploads\/2023\/11\/vapesnus.webp","width":942,"height":346,"caption":"VapeSnus"},"image":{"@id":"https:\/\/vapesnus.eu\/#\/schema\/logo\/image\/"}}]}},"_links":{"self":[{"href":"https:\/\/vapesnus.eu\/de\/wp-json\/wp\/v2\/product\/536"}],"collection":[{"href":"https:\/\/vapesnus.eu\/de\/wp-json\/wp\/v2\/product"}],"about":[{"href":"https:\/\/vapesnus.eu\/de\/wp-json\/wp\/v2\/types\/product"}],"wp:featuredmedia":[{"embeddable":true,"href":"https:\/\/vapesnus.eu\/de\/wp-json\/wp\/v2\/media\/1092"}],"wp:attachment":[{"href":"https:\/\/vapesnus.eu\/de\/wp-json\/wp\/v2\/media?parent=536"}],"wp:term":[{"taxonomy":"product_cat","embeddable":true,"href":"https:\/\/vapesnus.eu\/de\/wp-json\/wp\/v2\/product_cat?post=536"},{"taxonomy":"product_tag","embeddable":true,"href":"https:\/\/vapesnus.eu\/de\/wp-json\/wp\/v2\/product_tag?post=536"}],"curies":[{"name":"wp","href":"https:\/\/api.w.org\/{rel}","templated":true}]}}