{"id":534,"date":"2023-11-30T09:52:06","date_gmt":"2023-11-30T09:52:06","guid":{"rendered":"https:\/\/vapesnus.eu\/?post_type=product&#038;p=534"},"modified":"2024-05-16T08:45:33","modified_gmt":"2024-05-16T08:45:33","slug":"izy-vape-ein-trauben-eis-0mg-ml","status":"publish","type":"product","link":"https:\/\/vapesnus.eu\/de\/produkt\/izy-vape-ein-trauben-eis-0mg-ml\/","title":{"rendered":"IZY Vape One &#8211; Grape Ice 0mg\/ml"},"content":{"rendered":"<p>Erleben Sie die Zukunft des Dampfens mit dem IZY POD. Das Ger\u00e4t, das nahtlos Nikotinsalze f\u00fcr ein hervorragendes Dampferlebnis integriert. Dieser kleine, schicke und unauff\u00e4llige POD ist ein Wunderwerk des Designs und bietet dem Benutzer eine leichte und elegante Vaping-L\u00f6sung. Sie ist mit den begehrtesten Geschmacksrichtungen von Nikotinsalzen ausgestattet und spricht damit ein breites Spektrum von Rauchern an.<\/p>\n<p>Der IZY POD ist die perfekte L\u00f6sung f\u00fcr alle, die mit dem Rauchen aufh\u00f6ren wollen. Er ist mit einem vorgef\u00fcllten E-Liquid und einem einfach zu bedienenden Zugmechanismus ausgestattet.<\/p>\n<p>Dieses Ger\u00e4t, das zwei Schachteln Zigaretten entspricht, bietet eine saubere, rauchfreie Alternative zum herk\u00f6mmlichen Rauchen. Die Batterie ist vorgeladen und gew\u00e4hrleistet eine gleichbleibende Leistung \u00fcber die gesamte Lebensdauer des POD. Mit dem IZY Vape One wird das Dampfen zum reinen Vergn\u00fcgen, ohne dass man irgendwelche Kn\u00f6pfe oder Schalter braucht.<\/p>\n<p>Zutaten: pflanzliches Glycerin (VG), Propylenglykol (PG), Aromen.<\/p>\n","protected":false},"excerpt":{"rendered":"<p><strong>Geschmack: <\/strong>Grape Ice<strong><br \/>\n<\/strong><strong>Nikotingehalt:<\/strong> 0mg\/ml<br \/>\n<strong>E-Fl\u00fcssigkeit Kapazit\u00e4t<\/strong>: 2ml<br \/>\n<strong>Batteriekapazit\u00e4t<\/strong>: 400mAh<br \/>\n<strong>Puffs<\/strong>: 600<\/p>\n","protected":false},"featured_media":1094,"template":"","meta":[],"product_cat":[55,53],"product_tag":[102,101],"acf":[],"yoast_head":"<!-- This site is optimized with the Yoast SEO plugin v22.0 - https:\/\/yoast.com\/wordpress\/plugins\/seo\/ -->\n<title>IZY Vape One - Grape Ice 0mg\/ml - Vape Snus<\/title>\n<meta name=\"description\" content=\"IZY Pod: Ihr idealer Vaping-Begleiter mit vorgef\u00fcllten Nikotinsalzen, die f\u00fcr ein problemloses und angenehmes Erlebnis sorgen. Pr\u00fcfen Sie Ihre M\u00f6glichkeiten!\" \/>\n<meta name=\"robots\" content=\"index, follow, max-snippet:-1, max-image-preview:large, max-video-preview:-1\" \/>\n<link rel=\"canonical\" href=\"https:\/\/vapesnus.eu\/de\/produkt\/izy-vape-ein-trauben-eis-0mg-ml\/\" \/>\n<meta property=\"og:locale\" content=\"de_DE\" \/>\n<meta property=\"og:type\" content=\"article\" \/>\n<meta property=\"og:title\" content=\"IZY Vape One - Grape Ice 0mg\/ml - Vape Snus\" \/>\n<meta property=\"og:description\" content=\"IZY Pod: Ihr idealer Vaping-Begleiter mit vorgef\u00fcllten Nikotinsalzen, die f\u00fcr ein problemloses und angenehmes Erlebnis sorgen. Pr\u00fcfen Sie Ihre M\u00f6glichkeiten!\" \/>\n<meta property=\"og:url\" content=\"https:\/\/vapesnus.eu\/de\/produkt\/izy-vape-ein-trauben-eis-0mg-ml\/\" \/>\n<meta property=\"og:site_name\" content=\"Vape Snus\" \/>\n<meta property=\"article:modified_time\" content=\"2024-05-16T08:45:33+00:00\" \/>\n<meta property=\"og:image\" content=\"https:\/\/vapesnus.eu\/wp-content\/uploads\/2023\/11\/IZY-Vape-One-Grape-Ice-0.png\" \/>\n\t<meta property=\"og:image:width\" content=\"500\" \/>\n\t<meta property=\"og:image:height\" content=\"500\" \/>\n\t<meta property=\"og:image:type\" content=\"image\/png\" \/>\n<meta name=\"twitter:card\" content=\"summary_large_image\" \/>\n<meta name=\"twitter:label1\" content=\"Gesch\u00e4tzte Lesezeit\" \/>\n\t<meta name=\"twitter:data1\" content=\"1 Minute\" \/>\n<script type=\"application\/ld+json\" class=\"yoast-schema-graph\">{\"@context\":\"https:\/\/schema.org\",\"@graph\":[{\"@type\":\"WebPage\",\"@id\":\"https:\/\/vapesnus.eu\/de\/produkt\/izy-vape-ein-trauben-eis-0mg-ml\/\",\"url\":\"https:\/\/vapesnus.eu\/de\/produkt\/izy-vape-ein-trauben-eis-0mg-ml\/\",\"name\":\"IZY Vape One - Grape Ice 0mg\/ml - Vape Snus\",\"isPartOf\":{\"@id\":\"https:\/\/vapesnus.eu\/#website\"},\"datePublished\":\"2023-11-30T09:52:06+00:00\",\"dateModified\":\"2024-05-16T08:45:33+00:00\",\"description\":\"IZY Pod: Ihr idealer Vaping-Begleiter mit vorgef\u00fcllten Nikotinsalzen, die f\u00fcr ein problemloses und angenehmes Erlebnis sorgen. Pr\u00fcfen Sie Ihre M\u00f6glichkeiten!\",\"breadcrumb\":{\"@id\":\"https:\/\/vapesnus.eu\/de\/produkt\/izy-vape-ein-trauben-eis-0mg-ml\/#breadcrumb\"},\"inLanguage\":\"de-DE\",\"potentialAction\":[{\"@type\":\"ReadAction\",\"target\":[\"https:\/\/vapesnus.eu\/de\/produkt\/izy-vape-ein-trauben-eis-0mg-ml\/\"]}]},{\"@type\":\"BreadcrumbList\",\"@id\":\"https:\/\/vapesnus.eu\/de\/produkt\/izy-vape-ein-trauben-eis-0mg-ml\/#breadcrumb\",\"itemListElement\":[{\"@type\":\"ListItem\",\"position\":1,\"name\":\"Home\",\"item\":\"https:\/\/vapesnus.eu\/de\/\"},{\"@type\":\"ListItem\",\"position\":2,\"name\":\"IZY Vape One &#8211; Grape Ice 0mg\/ml\"}]},{\"@type\":\"WebSite\",\"@id\":\"https:\/\/vapesnus.eu\/#website\",\"url\":\"https:\/\/vapesnus.eu\/\",\"name\":\"VapeSnus\",\"description\":\"Crafted for the discerning enthusiast\",\"publisher\":{\"@id\":\"https:\/\/vapesnus.eu\/#organization\"},\"potentialAction\":[{\"@type\":\"SearchAction\",\"target\":{\"@type\":\"EntryPoint\",\"urlTemplate\":\"https:\/\/vapesnus.eu\/?s={search_term_string}\"},\"query-input\":\"required name=search_term_string\"}],\"inLanguage\":\"de-DE\"},{\"@type\":\"Organization\",\"@id\":\"https:\/\/vapesnus.eu\/#organization\",\"name\":\"VapeSnus\",\"url\":\"https:\/\/vapesnus.eu\/\",\"logo\":{\"@type\":\"ImageObject\",\"inLanguage\":\"de-DE\",\"@id\":\"https:\/\/vapesnus.eu\/#\/schema\/logo\/image\/\",\"url\":\"https:\/\/vapesnus.eu\/wp-content\/uploads\/2023\/11\/vapesnus.webp\",\"contentUrl\":\"https:\/\/vapesnus.eu\/wp-content\/uploads\/2023\/11\/vapesnus.webp\",\"width\":942,\"height\":346,\"caption\":\"VapeSnus\"},\"image\":{\"@id\":\"https:\/\/vapesnus.eu\/#\/schema\/logo\/image\/\"}}]}<\/script>\n<!-- \/ Yoast SEO plugin. -->","yoast_head_json":{"title":"IZY Vape One - Grape Ice 0mg\/ml - Vape Snus","description":"IZY Pod: Ihr idealer Vaping-Begleiter mit vorgef\u00fcllten Nikotinsalzen, die f\u00fcr ein problemloses und angenehmes Erlebnis sorgen. Pr\u00fcfen Sie Ihre M\u00f6glichkeiten!","robots":{"index":"index","follow":"follow","max-snippet":"max-snippet:-1","max-image-preview":"max-image-preview:large","max-video-preview":"max-video-preview:-1"},"canonical":"https:\/\/vapesnus.eu\/de\/produkt\/izy-vape-ein-trauben-eis-0mg-ml\/","og_locale":"de_DE","og_type":"article","og_title":"IZY Vape One - Grape Ice 0mg\/ml - Vape Snus","og_description":"IZY Pod: Ihr idealer Vaping-Begleiter mit vorgef\u00fcllten Nikotinsalzen, die f\u00fcr ein problemloses und angenehmes Erlebnis sorgen. Pr\u00fcfen Sie Ihre M\u00f6glichkeiten!","og_url":"https:\/\/vapesnus.eu\/de\/produkt\/izy-vape-ein-trauben-eis-0mg-ml\/","og_site_name":"Vape Snus","article_modified_time":"2024-05-16T08:45:33+00:00","og_image":[{"width":500,"height":500,"url":"https:\/\/vapesnus.eu\/wp-content\/uploads\/2023\/11\/IZY-Vape-One-Grape-Ice-0.png","type":"image\/png"}],"twitter_card":"summary_large_image","twitter_misc":{"Gesch\u00e4tzte Lesezeit":"1 Minute"},"schema":{"@context":"https:\/\/schema.org","@graph":[{"@type":"WebPage","@id":"https:\/\/vapesnus.eu\/de\/produkt\/izy-vape-ein-trauben-eis-0mg-ml\/","url":"https:\/\/vapesnus.eu\/de\/produkt\/izy-vape-ein-trauben-eis-0mg-ml\/","name":"IZY Vape One - Grape Ice 0mg\/ml - Vape Snus","isPartOf":{"@id":"https:\/\/vapesnus.eu\/#website"},"datePublished":"2023-11-30T09:52:06+00:00","dateModified":"2024-05-16T08:45:33+00:00","description":"IZY Pod: Ihr idealer Vaping-Begleiter mit vorgef\u00fcllten Nikotinsalzen, die f\u00fcr ein problemloses und angenehmes Erlebnis sorgen. Pr\u00fcfen Sie Ihre M\u00f6glichkeiten!","breadcrumb":{"@id":"https:\/\/vapesnus.eu\/de\/produkt\/izy-vape-ein-trauben-eis-0mg-ml\/#breadcrumb"},"inLanguage":"de-DE","potentialAction":[{"@type":"ReadAction","target":["https:\/\/vapesnus.eu\/de\/produkt\/izy-vape-ein-trauben-eis-0mg-ml\/"]}]},{"@type":"BreadcrumbList","@id":"https:\/\/vapesnus.eu\/de\/produkt\/izy-vape-ein-trauben-eis-0mg-ml\/#breadcrumb","itemListElement":[{"@type":"ListItem","position":1,"name":"Home","item":"https:\/\/vapesnus.eu\/de\/"},{"@type":"ListItem","position":2,"name":"IZY Vape One &#8211; Grape Ice 0mg\/ml"}]},{"@type":"WebSite","@id":"https:\/\/vapesnus.eu\/#website","url":"https:\/\/vapesnus.eu\/","name":"VapeSnus","description":"Crafted for the discerning enthusiast","publisher":{"@id":"https:\/\/vapesnus.eu\/#organization"},"potentialAction":[{"@type":"SearchAction","target":{"@type":"EntryPoint","urlTemplate":"https:\/\/vapesnus.eu\/?s={search_term_string}"},"query-input":"required name=search_term_string"}],"inLanguage":"de-DE"},{"@type":"Organization","@id":"https:\/\/vapesnus.eu\/#organization","name":"VapeSnus","url":"https:\/\/vapesnus.eu\/","logo":{"@type":"ImageObject","inLanguage":"de-DE","@id":"https:\/\/vapesnus.eu\/#\/schema\/logo\/image\/","url":"https:\/\/vapesnus.eu\/wp-content\/uploads\/2023\/11\/vapesnus.webp","contentUrl":"https:\/\/vapesnus.eu\/wp-content\/uploads\/2023\/11\/vapesnus.webp","width":942,"height":346,"caption":"VapeSnus"},"image":{"@id":"https:\/\/vapesnus.eu\/#\/schema\/logo\/image\/"}}]}},"_links":{"self":[{"href":"https:\/\/vapesnus.eu\/de\/wp-json\/wp\/v2\/product\/534"}],"collection":[{"href":"https:\/\/vapesnus.eu\/de\/wp-json\/wp\/v2\/product"}],"about":[{"href":"https:\/\/vapesnus.eu\/de\/wp-json\/wp\/v2\/types\/product"}],"wp:featuredmedia":[{"embeddable":true,"href":"https:\/\/vapesnus.eu\/de\/wp-json\/wp\/v2\/media\/1094"}],"wp:attachment":[{"href":"https:\/\/vapesnus.eu\/de\/wp-json\/wp\/v2\/media?parent=534"}],"wp:term":[{"taxonomy":"product_cat","embeddable":true,"href":"https:\/\/vapesnus.eu\/de\/wp-json\/wp\/v2\/product_cat?post=534"},{"taxonomy":"product_tag","embeddable":true,"href":"https:\/\/vapesnus.eu\/de\/wp-json\/wp\/v2\/product_tag?post=534"}],"curies":[{"name":"wp","href":"https:\/\/api.w.org\/{rel}","templated":true}]}}