{"id":532,"date":"2023-11-30T09:48:25","date_gmt":"2023-11-30T09:48:25","guid":{"rendered":"https:\/\/vapesnus.eu\/?post_type=product&#038;p=532"},"modified":"2024-05-16T08:50:07","modified_gmt":"2024-05-16T08:50:07","slug":"izy-vape-eine-erdbeere-eis-0mg-ml","status":"publish","type":"product","link":"https:\/\/vapesnus.eu\/de\/produkt\/izy-vape-eine-erdbeere-eis-0mg-ml\/","title":{"rendered":"IZY Vape One &#8211; Strawberry Ice 0mg\/ml"},"content":{"rendered":"<p>Embrace IZY Vape One Disposable POD, angereichert mit Nikotinsalzen. Dies ist eine bahnbrechende Innovation im Bereich der nikotinhaltigen E-Liquids. Dieses Ger\u00e4t wurde so konzipiert, dass es klein, raffiniert und unauff\u00e4llig ist, was es zu einem idealen Begleiter f\u00fcr moderne Dampfer macht. Es bietet eine Reihe von beliebten Nikotinsalz-Aromen, die verschiedene Geschmacksvorlieben befriedigen.<\/p>\n<p>Der IZY POD ist eine ausgezeichnete Wahl f\u00fcr alle, die Zigaretten ersetzen wollen. Sie bietet ein vorgef\u00fclltes E-Liquid und einen benutzerfreundlichen Mechanismus zum Ziehen. Dieses Ger\u00e4t bietet ein sauberes, rauchfreies Dampferlebnis, vergleichbar mit der Dauer von zwei Schachteln Zigaretten.<\/p>\n<p>Der Akku wird vollst\u00e4ndig aufgeladen geliefert und ist f\u00fcr die gesamte Nutzungsdauer des POD ausgelegt. Nutzen Sie den IZY Vape One noch heute, denn es geht um Leichtigkeit und Genuss, ohne dass manuelle Einstellungen oder Kontrollen erforderlich sind.<\/p>\n<p>Zutaten: pflanzliches Glycerin (VG), Propylenglykol (PG), Aromen.<\/p>\n","protected":false},"excerpt":{"rendered":"<p><strong>Geschmacksrichtung: <\/strong>Strawberry Ice<strong><br \/>\n<\/strong><strong>Nikotingehalt:<\/strong> 0mg\/ml<br \/>\n<strong>E-Fl\u00fcssigkeit Kapazit\u00e4t<\/strong>: 2ml<br \/>\n<strong>Batteriekapazit\u00e4t<\/strong>: 400mAh<br \/>\n<strong>Puffs<\/strong>: 600<\/p>\n","protected":false},"featured_media":361,"template":"","meta":[],"product_cat":[55,53],"product_tag":[102,101],"acf":[],"yoast_head":"<!-- This site is optimized with the Yoast SEO plugin v22.0 - https:\/\/yoast.com\/wordpress\/plugins\/seo\/ -->\n<title>IZY Vape One - Strawberry Ice 0mg\/ml - Vape Snus<\/title>\n<meta name=\"description\" content=\"Die IZY Vape One ist ein kompaktes Design und verf\u00fcgt \u00fcber einen Zugmechanismus mit Nikotinsalzen.\" \/>\n<meta name=\"robots\" content=\"index, follow, max-snippet:-1, max-image-preview:large, max-video-preview:-1\" \/>\n<link rel=\"canonical\" href=\"https:\/\/vapesnus.eu\/de\/produkt\/izy-vape-eine-erdbeere-eis-0mg-ml\/\" \/>\n<meta property=\"og:locale\" content=\"de_DE\" \/>\n<meta property=\"og:type\" content=\"article\" \/>\n<meta property=\"og:title\" content=\"IZY Vape One - Strawberry Ice 0mg\/ml - Vape Snus\" \/>\n<meta property=\"og:description\" content=\"Die IZY Vape One ist ein kompaktes Design und verf\u00fcgt \u00fcber einen Zugmechanismus mit Nikotinsalzen.\" \/>\n<meta property=\"og:url\" content=\"https:\/\/vapesnus.eu\/de\/produkt\/izy-vape-eine-erdbeere-eis-0mg-ml\/\" \/>\n<meta property=\"og:site_name\" content=\"Vape Snus\" \/>\n<meta property=\"article:modified_time\" content=\"2024-05-16T08:50:07+00:00\" \/>\n<meta property=\"og:image\" content=\"https:\/\/vapesnus.eu\/wp-content\/uploads\/2023\/10\/IzyOne_Strawberry_Ice-2-1000x1000-1.jpg\" \/>\n\t<meta property=\"og:image:width\" content=\"1000\" \/>\n\t<meta property=\"og:image:height\" content=\"1000\" \/>\n\t<meta property=\"og:image:type\" content=\"image\/jpeg\" \/>\n<meta name=\"twitter:card\" content=\"summary_large_image\" \/>\n<meta name=\"twitter:label1\" content=\"Gesch\u00e4tzte Lesezeit\" \/>\n\t<meta name=\"twitter:data1\" content=\"1 Minute\" \/>\n<script type=\"application\/ld+json\" class=\"yoast-schema-graph\">{\"@context\":\"https:\/\/schema.org\",\"@graph\":[{\"@type\":\"WebPage\",\"@id\":\"https:\/\/vapesnus.eu\/de\/produkt\/izy-vape-eine-erdbeere-eis-0mg-ml\/\",\"url\":\"https:\/\/vapesnus.eu\/de\/produkt\/izy-vape-eine-erdbeere-eis-0mg-ml\/\",\"name\":\"IZY Vape One - Strawberry Ice 0mg\/ml - Vape Snus\",\"isPartOf\":{\"@id\":\"https:\/\/vapesnus.eu\/#website\"},\"datePublished\":\"2023-11-30T09:48:25+00:00\",\"dateModified\":\"2024-05-16T08:50:07+00:00\",\"description\":\"Die IZY Vape One ist ein kompaktes Design und verf\u00fcgt \u00fcber einen Zugmechanismus mit Nikotinsalzen.\",\"breadcrumb\":{\"@id\":\"https:\/\/vapesnus.eu\/de\/produkt\/izy-vape-eine-erdbeere-eis-0mg-ml\/#breadcrumb\"},\"inLanguage\":\"de-DE\",\"potentialAction\":[{\"@type\":\"ReadAction\",\"target\":[\"https:\/\/vapesnus.eu\/de\/produkt\/izy-vape-eine-erdbeere-eis-0mg-ml\/\"]}]},{\"@type\":\"BreadcrumbList\",\"@id\":\"https:\/\/vapesnus.eu\/de\/produkt\/izy-vape-eine-erdbeere-eis-0mg-ml\/#breadcrumb\",\"itemListElement\":[{\"@type\":\"ListItem\",\"position\":1,\"name\":\"Home\",\"item\":\"https:\/\/vapesnus.eu\/de\/\"},{\"@type\":\"ListItem\",\"position\":2,\"name\":\"IZY Vape One &#8211; Strawberry Ice 0mg\/ml\"}]},{\"@type\":\"WebSite\",\"@id\":\"https:\/\/vapesnus.eu\/#website\",\"url\":\"https:\/\/vapesnus.eu\/\",\"name\":\"VapeSnus\",\"description\":\"Crafted for the discerning enthusiast\",\"publisher\":{\"@id\":\"https:\/\/vapesnus.eu\/#organization\"},\"potentialAction\":[{\"@type\":\"SearchAction\",\"target\":{\"@type\":\"EntryPoint\",\"urlTemplate\":\"https:\/\/vapesnus.eu\/?s={search_term_string}\"},\"query-input\":\"required name=search_term_string\"}],\"inLanguage\":\"de-DE\"},{\"@type\":\"Organization\",\"@id\":\"https:\/\/vapesnus.eu\/#organization\",\"name\":\"VapeSnus\",\"url\":\"https:\/\/vapesnus.eu\/\",\"logo\":{\"@type\":\"ImageObject\",\"inLanguage\":\"de-DE\",\"@id\":\"https:\/\/vapesnus.eu\/#\/schema\/logo\/image\/\",\"url\":\"https:\/\/vapesnus.eu\/wp-content\/uploads\/2023\/11\/vapesnus.webp\",\"contentUrl\":\"https:\/\/vapesnus.eu\/wp-content\/uploads\/2023\/11\/vapesnus.webp\",\"width\":942,\"height\":346,\"caption\":\"VapeSnus\"},\"image\":{\"@id\":\"https:\/\/vapesnus.eu\/#\/schema\/logo\/image\/\"}}]}<\/script>\n<!-- \/ Yoast SEO plugin. -->","yoast_head_json":{"title":"IZY Vape One - Strawberry Ice 0mg\/ml - Vape Snus","description":"Die IZY Vape One ist ein kompaktes Design und verf\u00fcgt \u00fcber einen Zugmechanismus mit Nikotinsalzen.","robots":{"index":"index","follow":"follow","max-snippet":"max-snippet:-1","max-image-preview":"max-image-preview:large","max-video-preview":"max-video-preview:-1"},"canonical":"https:\/\/vapesnus.eu\/de\/produkt\/izy-vape-eine-erdbeere-eis-0mg-ml\/","og_locale":"de_DE","og_type":"article","og_title":"IZY Vape One - Strawberry Ice 0mg\/ml - Vape Snus","og_description":"Die IZY Vape One ist ein kompaktes Design und verf\u00fcgt \u00fcber einen Zugmechanismus mit Nikotinsalzen.","og_url":"https:\/\/vapesnus.eu\/de\/produkt\/izy-vape-eine-erdbeere-eis-0mg-ml\/","og_site_name":"Vape Snus","article_modified_time":"2024-05-16T08:50:07+00:00","og_image":[{"width":1000,"height":1000,"url":"https:\/\/vapesnus.eu\/wp-content\/uploads\/2023\/10\/IzyOne_Strawberry_Ice-2-1000x1000-1.jpg","type":"image\/jpeg"}],"twitter_card":"summary_large_image","twitter_misc":{"Gesch\u00e4tzte Lesezeit":"1 Minute"},"schema":{"@context":"https:\/\/schema.org","@graph":[{"@type":"WebPage","@id":"https:\/\/vapesnus.eu\/de\/produkt\/izy-vape-eine-erdbeere-eis-0mg-ml\/","url":"https:\/\/vapesnus.eu\/de\/produkt\/izy-vape-eine-erdbeere-eis-0mg-ml\/","name":"IZY Vape One - Strawberry Ice 0mg\/ml - Vape Snus","isPartOf":{"@id":"https:\/\/vapesnus.eu\/#website"},"datePublished":"2023-11-30T09:48:25+00:00","dateModified":"2024-05-16T08:50:07+00:00","description":"Die IZY Vape One ist ein kompaktes Design und verf\u00fcgt \u00fcber einen Zugmechanismus mit Nikotinsalzen.","breadcrumb":{"@id":"https:\/\/vapesnus.eu\/de\/produkt\/izy-vape-eine-erdbeere-eis-0mg-ml\/#breadcrumb"},"inLanguage":"de-DE","potentialAction":[{"@type":"ReadAction","target":["https:\/\/vapesnus.eu\/de\/produkt\/izy-vape-eine-erdbeere-eis-0mg-ml\/"]}]},{"@type":"BreadcrumbList","@id":"https:\/\/vapesnus.eu\/de\/produkt\/izy-vape-eine-erdbeere-eis-0mg-ml\/#breadcrumb","itemListElement":[{"@type":"ListItem","position":1,"name":"Home","item":"https:\/\/vapesnus.eu\/de\/"},{"@type":"ListItem","position":2,"name":"IZY Vape One &#8211; Strawberry Ice 0mg\/ml"}]},{"@type":"WebSite","@id":"https:\/\/vapesnus.eu\/#website","url":"https:\/\/vapesnus.eu\/","name":"VapeSnus","description":"Crafted for the discerning enthusiast","publisher":{"@id":"https:\/\/vapesnus.eu\/#organization"},"potentialAction":[{"@type":"SearchAction","target":{"@type":"EntryPoint","urlTemplate":"https:\/\/vapesnus.eu\/?s={search_term_string}"},"query-input":"required name=search_term_string"}],"inLanguage":"de-DE"},{"@type":"Organization","@id":"https:\/\/vapesnus.eu\/#organization","name":"VapeSnus","url":"https:\/\/vapesnus.eu\/","logo":{"@type":"ImageObject","inLanguage":"de-DE","@id":"https:\/\/vapesnus.eu\/#\/schema\/logo\/image\/","url":"https:\/\/vapesnus.eu\/wp-content\/uploads\/2023\/11\/vapesnus.webp","contentUrl":"https:\/\/vapesnus.eu\/wp-content\/uploads\/2023\/11\/vapesnus.webp","width":942,"height":346,"caption":"VapeSnus"},"image":{"@id":"https:\/\/vapesnus.eu\/#\/schema\/logo\/image\/"}}]}},"_links":{"self":[{"href":"https:\/\/vapesnus.eu\/de\/wp-json\/wp\/v2\/product\/532"}],"collection":[{"href":"https:\/\/vapesnus.eu\/de\/wp-json\/wp\/v2\/product"}],"about":[{"href":"https:\/\/vapesnus.eu\/de\/wp-json\/wp\/v2\/types\/product"}],"wp:featuredmedia":[{"embeddable":true,"href":"https:\/\/vapesnus.eu\/de\/wp-json\/wp\/v2\/media\/361"}],"wp:attachment":[{"href":"https:\/\/vapesnus.eu\/de\/wp-json\/wp\/v2\/media?parent=532"}],"wp:term":[{"taxonomy":"product_cat","embeddable":true,"href":"https:\/\/vapesnus.eu\/de\/wp-json\/wp\/v2\/product_cat?post=532"},{"taxonomy":"product_tag","embeddable":true,"href":"https:\/\/vapesnus.eu\/de\/wp-json\/wp\/v2\/product_tag?post=532"}],"curies":[{"name":"wp","href":"https:\/\/api.w.org\/{rel}","templated":true}]}}