{"id":530,"date":"2023-11-30T09:35:13","date_gmt":"2023-11-30T09:35:13","guid":{"rendered":"https:\/\/vapesnus.eu\/?post_type=product&#038;p=530"},"modified":"2024-05-16T09:07:31","modified_gmt":"2024-05-16T09:07:31","slug":"izy-ape-eine-beere-mix-0mg-ml","status":"publish","type":"product","link":"https:\/\/vapesnus.eu\/de\/produkt\/izy-ape-eine-beere-mix-0mg-ml\/","title":{"rendered":"IZY Vape One &#8211; Berry Mix 0mg\/ml"},"content":{"rendered":"<p>Steigen Sie ein in die n\u00e4chste Generation des Dampfens mit dem IZY Vape One Disposable POD, einem Ger\u00e4t, das Nikotinsalze f\u00fcr ein verbessertes Dampferlebnis enth\u00e4lt. Dieser POD ist der Inbegriff von Raffinesse und Diskretion. Er ist kompakt und federleicht.<\/p>\n<p>Es bietet eine Auswahl der beliebtesten Nikotinsalz-Aromen, die die unterschiedlichsten Gaumen ansprechen. Der IZY POD ist der ideale Ersatz f\u00fcr herk\u00f6mmliche Zigaretten, ausgestattet mit einem vorgef\u00fcllten E-Liquid und einem einfachen Zugmechanismus. Es bietet ein rauchfreies und benutzerfreundliches Erlebnis und entspricht der Dauer von zwei Schachteln Zigaretten.<\/p>\n<p>Der Akku ist vorgeladen und versorgt das Ger\u00e4t w\u00e4hrend seiner gesamten Lebensdauer zuverl\u00e4ssig. Der IZY Vape One macht Kn\u00f6pfe oder Schalter \u00fcberfl\u00fcssig und konzentriert sich ausschlie\u00dflich auf ein angenehmes Dampferlebnis.<\/p>\n<p>Zutaten: pflanzliches Glycerin (VG), Propylenglykol (PG), Aromen.<\/p>\n","protected":false},"excerpt":{"rendered":"<p><strong>Geschmacksrichtung: <\/strong>Berry Mix<strong><br \/>\n<\/strong><strong>Nikotingehalt:<\/strong> 0mg\/ml<br \/>\n<strong>E-Fl\u00fcssigkeit Kapazit\u00e4t<\/strong>: 2ml<br \/>\n<strong>Batteriekapazit\u00e4t<\/strong>: 400mAh<br \/>\n<strong>Puffs<\/strong>: 600<\/p>\n","protected":false},"featured_media":1096,"template":"","meta":[],"product_cat":[55,53],"product_tag":[102,101],"acf":[],"yoast_head":"<!-- This site is optimized with the Yoast SEO plugin v22.0 - https:\/\/yoast.com\/wordpress\/plugins\/seo\/ -->\n<title>IZY Vape One - Berry Mix 0mg\/ml - Vape Snus<\/title>\n<meta name=\"description\" content=\"Treten Sie ein in die Welt des IZY Vape One POD - eine elegante, unauff\u00e4llige Vaping-L\u00f6sung. Mit einer Vielzahl von Nikotinsalz-Geschmacksrichtungen.\" \/>\n<meta name=\"robots\" content=\"index, follow, max-snippet:-1, max-image-preview:large, max-video-preview:-1\" \/>\n<link rel=\"canonical\" href=\"https:\/\/vapesnus.eu\/de\/produkt\/izy-ape-eine-beere-mix-0mg-ml\/\" \/>\n<meta property=\"og:locale\" content=\"de_DE\" \/>\n<meta property=\"og:type\" content=\"article\" \/>\n<meta property=\"og:title\" content=\"IZY Vape One - Berry Mix 0mg\/ml - Vape Snus\" \/>\n<meta property=\"og:description\" content=\"Treten Sie ein in die Welt des IZY Vape One POD - eine elegante, unauff\u00e4llige Vaping-L\u00f6sung. Mit einer Vielzahl von Nikotinsalz-Geschmacksrichtungen.\" \/>\n<meta property=\"og:url\" content=\"https:\/\/vapesnus.eu\/de\/produkt\/izy-ape-eine-beere-mix-0mg-ml\/\" \/>\n<meta property=\"og:site_name\" content=\"Vape Snus\" \/>\n<meta property=\"article:modified_time\" content=\"2024-05-16T09:07:31+00:00\" \/>\n<meta property=\"og:image\" content=\"https:\/\/vapesnus.eu\/wp-content\/uploads\/2023\/11\/IZY-Vape-One-Berry-mix-0.png\" \/>\n\t<meta property=\"og:image:width\" content=\"500\" \/>\n\t<meta property=\"og:image:height\" content=\"500\" \/>\n\t<meta property=\"og:image:type\" content=\"image\/png\" \/>\n<meta name=\"twitter:card\" content=\"summary_large_image\" \/>\n<meta name=\"twitter:label1\" content=\"Gesch\u00e4tzte Lesezeit\" \/>\n\t<meta name=\"twitter:data1\" content=\"1 Minute\" \/>\n<script type=\"application\/ld+json\" class=\"yoast-schema-graph\">{\"@context\":\"https:\/\/schema.org\",\"@graph\":[{\"@type\":\"WebPage\",\"@id\":\"https:\/\/vapesnus.eu\/de\/produkt\/izy-ape-eine-beere-mix-0mg-ml\/\",\"url\":\"https:\/\/vapesnus.eu\/de\/produkt\/izy-ape-eine-beere-mix-0mg-ml\/\",\"name\":\"IZY Vape One - Berry Mix 0mg\/ml - Vape Snus\",\"isPartOf\":{\"@id\":\"https:\/\/vapesnus.eu\/#website\"},\"datePublished\":\"2023-11-30T09:35:13+00:00\",\"dateModified\":\"2024-05-16T09:07:31+00:00\",\"description\":\"Treten Sie ein in die Welt des IZY Vape One POD - eine elegante, unauff\u00e4llige Vaping-L\u00f6sung. Mit einer Vielzahl von Nikotinsalz-Geschmacksrichtungen.\",\"breadcrumb\":{\"@id\":\"https:\/\/vapesnus.eu\/de\/produkt\/izy-ape-eine-beere-mix-0mg-ml\/#breadcrumb\"},\"inLanguage\":\"de-DE\",\"potentialAction\":[{\"@type\":\"ReadAction\",\"target\":[\"https:\/\/vapesnus.eu\/de\/produkt\/izy-ape-eine-beere-mix-0mg-ml\/\"]}]},{\"@type\":\"BreadcrumbList\",\"@id\":\"https:\/\/vapesnus.eu\/de\/produkt\/izy-ape-eine-beere-mix-0mg-ml\/#breadcrumb\",\"itemListElement\":[{\"@type\":\"ListItem\",\"position\":1,\"name\":\"Home\",\"item\":\"https:\/\/vapesnus.eu\/de\/\"},{\"@type\":\"ListItem\",\"position\":2,\"name\":\"IZY Vape One &#8211; Berry Mix 0mg\/ml\"}]},{\"@type\":\"WebSite\",\"@id\":\"https:\/\/vapesnus.eu\/#website\",\"url\":\"https:\/\/vapesnus.eu\/\",\"name\":\"VapeSnus\",\"description\":\"Crafted for the discerning enthusiast\",\"publisher\":{\"@id\":\"https:\/\/vapesnus.eu\/#organization\"},\"potentialAction\":[{\"@type\":\"SearchAction\",\"target\":{\"@type\":\"EntryPoint\",\"urlTemplate\":\"https:\/\/vapesnus.eu\/?s={search_term_string}\"},\"query-input\":\"required name=search_term_string\"}],\"inLanguage\":\"de-DE\"},{\"@type\":\"Organization\",\"@id\":\"https:\/\/vapesnus.eu\/#organization\",\"name\":\"VapeSnus\",\"url\":\"https:\/\/vapesnus.eu\/\",\"logo\":{\"@type\":\"ImageObject\",\"inLanguage\":\"de-DE\",\"@id\":\"https:\/\/vapesnus.eu\/#\/schema\/logo\/image\/\",\"url\":\"https:\/\/vapesnus.eu\/wp-content\/uploads\/2023\/11\/vapesnus.webp\",\"contentUrl\":\"https:\/\/vapesnus.eu\/wp-content\/uploads\/2023\/11\/vapesnus.webp\",\"width\":942,\"height\":346,\"caption\":\"VapeSnus\"},\"image\":{\"@id\":\"https:\/\/vapesnus.eu\/#\/schema\/logo\/image\/\"}}]}<\/script>\n<!-- \/ Yoast SEO plugin. -->","yoast_head_json":{"title":"IZY Vape One - Berry Mix 0mg\/ml - Vape Snus","description":"Treten Sie ein in die Welt des IZY Vape One POD - eine elegante, unauff\u00e4llige Vaping-L\u00f6sung. Mit einer Vielzahl von Nikotinsalz-Geschmacksrichtungen.","robots":{"index":"index","follow":"follow","max-snippet":"max-snippet:-1","max-image-preview":"max-image-preview:large","max-video-preview":"max-video-preview:-1"},"canonical":"https:\/\/vapesnus.eu\/de\/produkt\/izy-ape-eine-beere-mix-0mg-ml\/","og_locale":"de_DE","og_type":"article","og_title":"IZY Vape One - Berry Mix 0mg\/ml - Vape Snus","og_description":"Treten Sie ein in die Welt des IZY Vape One POD - eine elegante, unauff\u00e4llige Vaping-L\u00f6sung. Mit einer Vielzahl von Nikotinsalz-Geschmacksrichtungen.","og_url":"https:\/\/vapesnus.eu\/de\/produkt\/izy-ape-eine-beere-mix-0mg-ml\/","og_site_name":"Vape Snus","article_modified_time":"2024-05-16T09:07:31+00:00","og_image":[{"width":500,"height":500,"url":"https:\/\/vapesnus.eu\/wp-content\/uploads\/2023\/11\/IZY-Vape-One-Berry-mix-0.png","type":"image\/png"}],"twitter_card":"summary_large_image","twitter_misc":{"Gesch\u00e4tzte Lesezeit":"1 Minute"},"schema":{"@context":"https:\/\/schema.org","@graph":[{"@type":"WebPage","@id":"https:\/\/vapesnus.eu\/de\/produkt\/izy-ape-eine-beere-mix-0mg-ml\/","url":"https:\/\/vapesnus.eu\/de\/produkt\/izy-ape-eine-beere-mix-0mg-ml\/","name":"IZY Vape One - Berry Mix 0mg\/ml - Vape Snus","isPartOf":{"@id":"https:\/\/vapesnus.eu\/#website"},"datePublished":"2023-11-30T09:35:13+00:00","dateModified":"2024-05-16T09:07:31+00:00","description":"Treten Sie ein in die Welt des IZY Vape One POD - eine elegante, unauff\u00e4llige Vaping-L\u00f6sung. Mit einer Vielzahl von Nikotinsalz-Geschmacksrichtungen.","breadcrumb":{"@id":"https:\/\/vapesnus.eu\/de\/produkt\/izy-ape-eine-beere-mix-0mg-ml\/#breadcrumb"},"inLanguage":"de-DE","potentialAction":[{"@type":"ReadAction","target":["https:\/\/vapesnus.eu\/de\/produkt\/izy-ape-eine-beere-mix-0mg-ml\/"]}]},{"@type":"BreadcrumbList","@id":"https:\/\/vapesnus.eu\/de\/produkt\/izy-ape-eine-beere-mix-0mg-ml\/#breadcrumb","itemListElement":[{"@type":"ListItem","position":1,"name":"Home","item":"https:\/\/vapesnus.eu\/de\/"},{"@type":"ListItem","position":2,"name":"IZY Vape One &#8211; Berry Mix 0mg\/ml"}]},{"@type":"WebSite","@id":"https:\/\/vapesnus.eu\/#website","url":"https:\/\/vapesnus.eu\/","name":"VapeSnus","description":"Crafted for the discerning enthusiast","publisher":{"@id":"https:\/\/vapesnus.eu\/#organization"},"potentialAction":[{"@type":"SearchAction","target":{"@type":"EntryPoint","urlTemplate":"https:\/\/vapesnus.eu\/?s={search_term_string}"},"query-input":"required name=search_term_string"}],"inLanguage":"de-DE"},{"@type":"Organization","@id":"https:\/\/vapesnus.eu\/#organization","name":"VapeSnus","url":"https:\/\/vapesnus.eu\/","logo":{"@type":"ImageObject","inLanguage":"de-DE","@id":"https:\/\/vapesnus.eu\/#\/schema\/logo\/image\/","url":"https:\/\/vapesnus.eu\/wp-content\/uploads\/2023\/11\/vapesnus.webp","contentUrl":"https:\/\/vapesnus.eu\/wp-content\/uploads\/2023\/11\/vapesnus.webp","width":942,"height":346,"caption":"VapeSnus"},"image":{"@id":"https:\/\/vapesnus.eu\/#\/schema\/logo\/image\/"}}]}},"_links":{"self":[{"href":"https:\/\/vapesnus.eu\/de\/wp-json\/wp\/v2\/product\/530"}],"collection":[{"href":"https:\/\/vapesnus.eu\/de\/wp-json\/wp\/v2\/product"}],"about":[{"href":"https:\/\/vapesnus.eu\/de\/wp-json\/wp\/v2\/types\/product"}],"wp:featuredmedia":[{"embeddable":true,"href":"https:\/\/vapesnus.eu\/de\/wp-json\/wp\/v2\/media\/1096"}],"wp:attachment":[{"href":"https:\/\/vapesnus.eu\/de\/wp-json\/wp\/v2\/media?parent=530"}],"wp:term":[{"taxonomy":"product_cat","embeddable":true,"href":"https:\/\/vapesnus.eu\/de\/wp-json\/wp\/v2\/product_cat?post=530"},{"taxonomy":"product_tag","embeddable":true,"href":"https:\/\/vapesnus.eu\/de\/wp-json\/wp\/v2\/product_tag?post=530"}],"curies":[{"name":"wp","href":"https:\/\/api.w.org\/{rel}","templated":true}]}}