{"id":488,"date":"2023-11-10T11:15:08","date_gmt":"2023-11-10T11:15:08","guid":{"rendered":"https:\/\/vapesnus.eu\/product\/vozol-star-550-bananeneis-20mg-ml\/"},"modified":"2024-05-17T07:37:57","modified_gmt":"2024-05-17T07:37:57","slug":"vozol-star-550-bananeneis-20mg-ml","status":"publish","type":"product","link":"https:\/\/vapesnus.eu\/de\/produkt\/vozol-star-550-bananeneis-20mg-ml\/","title":{"rendered":"VOZOL STAR 550 &#8211; Banana Ice 20mg\/ml"},"content":{"rendered":"<p>Das Vozol Star 550 ist ein sch\u00f6nes, schlankes und kompaktes Ger\u00e4t, das zu 65 % aus PCR-Materialien besteht. Das Ger\u00e4t ist nicht gr\u00f6\u00dfer als 13cm und ist wundersch\u00f6n und diskret gestaltet. Die Verwendung von PCR-Materialien erm\u00f6glicht einen nachhaltigeren Herstellungsprozess f\u00fcr Ger\u00e4te, der die Abfallproduktion und die Kohlenstoffemissionen reduziert. Au\u00dferdem geben die Materialien die Textur einer bestreuten Oberfl\u00e4che. In Kombination mit der leuchtenden Farbpalette und dem abgerundeten Design des Ger\u00e4ts erhalten K\u00e4ufer ein unterhaltsames und vielversprechendes Erlebnis. Die Oberfl\u00e4che f\u00fchlt sich seidig an, und das weiche Mundst\u00fcck macht die Benutzung dieses Ger\u00e4ts noch komfortabler und angenehmer.<\/p>\n<p>Die VAMT Mesh Coil tr\u00e4gt zum wichtigsten Aspekt eines jeden Ger\u00e4ts bei, und das ist der Geschmack. Diese besondere Spule erm\u00f6glicht es dem Aroma, leicht durch das Ger\u00e4t zu flie\u00dfen, wodurch unn\u00f6tige Verstopfungen vermieden werden.<\/p>\n","protected":false},"excerpt":{"rendered":"<p><strong>Geschmacksrichtung:<\/strong> Banana Ice<br \/>\n<strong>Nikotingehalt:<\/strong> 20mg\/ml<br \/>\n<strong>E-Fl\u00fcssigkeit Kapazit\u00e4t:<\/strong> 2ml<br \/>\n<strong>Akku-Kapazit\u00e4t:<\/strong> 450mAh<br \/>\n<strong>Puffs:<\/strong> Bis zu 550<br \/>\n<strong>Spule:<\/strong> VAMT Mesh Spule<\/p>\n","protected":false},"featured_media":487,"template":"","meta":[],"product_cat":[53,54],"product_tag":[102,101],"acf":[],"yoast_head":"<!-- This site is optimized with the Yoast SEO plugin v22.0 - https:\/\/yoast.com\/wordpress\/plugins\/seo\/ -->\n<title>VOZOL STAR 550 - Banana Ice 20mg\/ml - Vape Snus<\/title>\n<meta name=\"robots\" content=\"index, follow, max-snippet:-1, max-image-preview:large, max-video-preview:-1\" \/>\n<link rel=\"canonical\" href=\"https:\/\/vapesnus.eu\/de\/produkt\/vozol-star-550-bananeneis-20mg-ml\/\" \/>\n<meta property=\"og:locale\" content=\"de_DE\" \/>\n<meta property=\"og:type\" content=\"article\" \/>\n<meta property=\"og:title\" content=\"VOZOL STAR 550 - Banana Ice 20mg\/ml - Vape Snus\" \/>\n<meta property=\"og:description\" content=\"Geschmacksrichtung: Banana Ice Nikotingehalt: 20mg\/ml E-Fl\u00fcssigkeit Kapazit\u00e4t: 2ml Akku-Kapazit\u00e4t: 450mAh Puffs: Bis zu 550 Spule: VAMT Mesh Spule\" \/>\n<meta property=\"og:url\" content=\"https:\/\/vapesnus.eu\/de\/produkt\/vozol-star-550-bananeneis-20mg-ml\/\" \/>\n<meta property=\"og:site_name\" content=\"Vape Snus\" \/>\n<meta property=\"article:modified_time\" content=\"2024-05-17T07:37:57+00:00\" \/>\n<meta property=\"og:image\" content=\"https:\/\/vapesnus.eu\/wp-content\/uploads\/2023\/11\/star550_banana_ice.jpg\" \/>\n\t<meta property=\"og:image:width\" content=\"1000\" \/>\n\t<meta property=\"og:image:height\" content=\"1000\" \/>\n\t<meta property=\"og:image:type\" content=\"image\/jpeg\" \/>\n<meta name=\"twitter:card\" content=\"summary_large_image\" \/>\n<meta name=\"twitter:label1\" content=\"Gesch\u00e4tzte Lesezeit\" \/>\n\t<meta name=\"twitter:data1\" content=\"1 Minute\" \/>\n<script type=\"application\/ld+json\" class=\"yoast-schema-graph\">{\"@context\":\"https:\/\/schema.org\",\"@graph\":[{\"@type\":\"WebPage\",\"@id\":\"https:\/\/vapesnus.eu\/de\/produkt\/vozol-star-550-bananeneis-20mg-ml\/\",\"url\":\"https:\/\/vapesnus.eu\/de\/produkt\/vozol-star-550-bananeneis-20mg-ml\/\",\"name\":\"VOZOL STAR 550 - Banana Ice 20mg\/ml - Vape Snus\",\"isPartOf\":{\"@id\":\"https:\/\/vapesnus.eu\/#website\"},\"datePublished\":\"2023-11-10T11:15:08+00:00\",\"dateModified\":\"2024-05-17T07:37:57+00:00\",\"breadcrumb\":{\"@id\":\"https:\/\/vapesnus.eu\/de\/produkt\/vozol-star-550-bananeneis-20mg-ml\/#breadcrumb\"},\"inLanguage\":\"de-DE\",\"potentialAction\":[{\"@type\":\"ReadAction\",\"target\":[\"https:\/\/vapesnus.eu\/de\/produkt\/vozol-star-550-bananeneis-20mg-ml\/\"]}]},{\"@type\":\"BreadcrumbList\",\"@id\":\"https:\/\/vapesnus.eu\/de\/produkt\/vozol-star-550-bananeneis-20mg-ml\/#breadcrumb\",\"itemListElement\":[{\"@type\":\"ListItem\",\"position\":1,\"name\":\"Home\",\"item\":\"https:\/\/vapesnus.eu\/de\/\"},{\"@type\":\"ListItem\",\"position\":2,\"name\":\"VOZOL STAR 550 &#8211; Banana Ice 20mg\/ml\"}]},{\"@type\":\"WebSite\",\"@id\":\"https:\/\/vapesnus.eu\/#website\",\"url\":\"https:\/\/vapesnus.eu\/\",\"name\":\"VapeSnus\",\"description\":\"Crafted for the discerning enthusiast\",\"publisher\":{\"@id\":\"https:\/\/vapesnus.eu\/#organization\"},\"potentialAction\":[{\"@type\":\"SearchAction\",\"target\":{\"@type\":\"EntryPoint\",\"urlTemplate\":\"https:\/\/vapesnus.eu\/?s={search_term_string}\"},\"query-input\":\"required name=search_term_string\"}],\"inLanguage\":\"de-DE\"},{\"@type\":\"Organization\",\"@id\":\"https:\/\/vapesnus.eu\/#organization\",\"name\":\"VapeSnus\",\"url\":\"https:\/\/vapesnus.eu\/\",\"logo\":{\"@type\":\"ImageObject\",\"inLanguage\":\"de-DE\",\"@id\":\"https:\/\/vapesnus.eu\/#\/schema\/logo\/image\/\",\"url\":\"https:\/\/vapesnus.eu\/wp-content\/uploads\/2023\/11\/vapesnus.webp\",\"contentUrl\":\"https:\/\/vapesnus.eu\/wp-content\/uploads\/2023\/11\/vapesnus.webp\",\"width\":942,\"height\":346,\"caption\":\"VapeSnus\"},\"image\":{\"@id\":\"https:\/\/vapesnus.eu\/#\/schema\/logo\/image\/\"}}]}<\/script>\n<!-- \/ Yoast SEO plugin. -->","yoast_head_json":{"title":"VOZOL STAR 550 - Banana Ice 20mg\/ml - Vape Snus","robots":{"index":"index","follow":"follow","max-snippet":"max-snippet:-1","max-image-preview":"max-image-preview:large","max-video-preview":"max-video-preview:-1"},"canonical":"https:\/\/vapesnus.eu\/de\/produkt\/vozol-star-550-bananeneis-20mg-ml\/","og_locale":"de_DE","og_type":"article","og_title":"VOZOL STAR 550 - Banana Ice 20mg\/ml - Vape Snus","og_description":"Geschmacksrichtung: Banana Ice Nikotingehalt: 20mg\/ml E-Fl\u00fcssigkeit Kapazit\u00e4t: 2ml Akku-Kapazit\u00e4t: 450mAh Puffs: Bis zu 550 Spule: VAMT Mesh Spule","og_url":"https:\/\/vapesnus.eu\/de\/produkt\/vozol-star-550-bananeneis-20mg-ml\/","og_site_name":"Vape Snus","article_modified_time":"2024-05-17T07:37:57+00:00","og_image":[{"width":1000,"height":1000,"url":"https:\/\/vapesnus.eu\/wp-content\/uploads\/2023\/11\/star550_banana_ice.jpg","type":"image\/jpeg"}],"twitter_card":"summary_large_image","twitter_misc":{"Gesch\u00e4tzte Lesezeit":"1 Minute"},"schema":{"@context":"https:\/\/schema.org","@graph":[{"@type":"WebPage","@id":"https:\/\/vapesnus.eu\/de\/produkt\/vozol-star-550-bananeneis-20mg-ml\/","url":"https:\/\/vapesnus.eu\/de\/produkt\/vozol-star-550-bananeneis-20mg-ml\/","name":"VOZOL STAR 550 - Banana Ice 20mg\/ml - Vape Snus","isPartOf":{"@id":"https:\/\/vapesnus.eu\/#website"},"datePublished":"2023-11-10T11:15:08+00:00","dateModified":"2024-05-17T07:37:57+00:00","breadcrumb":{"@id":"https:\/\/vapesnus.eu\/de\/produkt\/vozol-star-550-bananeneis-20mg-ml\/#breadcrumb"},"inLanguage":"de-DE","potentialAction":[{"@type":"ReadAction","target":["https:\/\/vapesnus.eu\/de\/produkt\/vozol-star-550-bananeneis-20mg-ml\/"]}]},{"@type":"BreadcrumbList","@id":"https:\/\/vapesnus.eu\/de\/produkt\/vozol-star-550-bananeneis-20mg-ml\/#breadcrumb","itemListElement":[{"@type":"ListItem","position":1,"name":"Home","item":"https:\/\/vapesnus.eu\/de\/"},{"@type":"ListItem","position":2,"name":"VOZOL STAR 550 &#8211; Banana Ice 20mg\/ml"}]},{"@type":"WebSite","@id":"https:\/\/vapesnus.eu\/#website","url":"https:\/\/vapesnus.eu\/","name":"VapeSnus","description":"Crafted for the discerning enthusiast","publisher":{"@id":"https:\/\/vapesnus.eu\/#organization"},"potentialAction":[{"@type":"SearchAction","target":{"@type":"EntryPoint","urlTemplate":"https:\/\/vapesnus.eu\/?s={search_term_string}"},"query-input":"required name=search_term_string"}],"inLanguage":"de-DE"},{"@type":"Organization","@id":"https:\/\/vapesnus.eu\/#organization","name":"VapeSnus","url":"https:\/\/vapesnus.eu\/","logo":{"@type":"ImageObject","inLanguage":"de-DE","@id":"https:\/\/vapesnus.eu\/#\/schema\/logo\/image\/","url":"https:\/\/vapesnus.eu\/wp-content\/uploads\/2023\/11\/vapesnus.webp","contentUrl":"https:\/\/vapesnus.eu\/wp-content\/uploads\/2023\/11\/vapesnus.webp","width":942,"height":346,"caption":"VapeSnus"},"image":{"@id":"https:\/\/vapesnus.eu\/#\/schema\/logo\/image\/"}}]}},"_links":{"self":[{"href":"https:\/\/vapesnus.eu\/de\/wp-json\/wp\/v2\/product\/488"}],"collection":[{"href":"https:\/\/vapesnus.eu\/de\/wp-json\/wp\/v2\/product"}],"about":[{"href":"https:\/\/vapesnus.eu\/de\/wp-json\/wp\/v2\/types\/product"}],"wp:featuredmedia":[{"embeddable":true,"href":"https:\/\/vapesnus.eu\/de\/wp-json\/wp\/v2\/media\/487"}],"wp:attachment":[{"href":"https:\/\/vapesnus.eu\/de\/wp-json\/wp\/v2\/media?parent=488"}],"wp:term":[{"taxonomy":"product_cat","embeddable":true,"href":"https:\/\/vapesnus.eu\/de\/wp-json\/wp\/v2\/product_cat?post=488"},{"taxonomy":"product_tag","embeddable":true,"href":"https:\/\/vapesnus.eu\/de\/wp-json\/wp\/v2\/product_tag?post=488"}],"curies":[{"name":"wp","href":"https:\/\/api.w.org\/{rel}","templated":true}]}}