{"id":476,"date":"2023-12-01T08:47:40","date_gmt":"2023-12-01T08:47:40","guid":{"rendered":"https:\/\/vapesnus.eu\/?post_type=product&#038;p=476"},"modified":"2025-12-01T15:39:40","modified_gmt":"2025-12-01T15:39:40","slug":"izy-vape-one-rich-tobacco-18mg-ml","status":"publish","type":"product","link":"https:\/\/vapesnus.eu\/de\/produkt\/izy-vape-one-rich-tobacco-18mg-ml\/","title":{"rendered":"IZY Vape One &#8211; Rich Tobacco 18mg\/ml"},"content":{"rendered":"<p>IZY Vape One Disposable POD ist ein revolution\u00e4rer Schritt in der Welt des Nikotin-E-Liquid-Dampfens, der sich durch die fortschrittliche Verwendung von Nikotinsalzen auszeichnet. Dieses Ger\u00e4t ist der Inbegriff von Eleganz und Diskretion und wurde so konzipiert, dass es klein und leicht ist. Es bietet eine Auswahl der beliebtesten Geschmacksrichtungen von Nikotinsalzen, die eine breite Palette von Geschmacksvorlieben abdecken.<\/p>\n<p>Der IZY POD ist die ideale Wahl f\u00fcr alle, die von der herk\u00f6mmlichen Zigarette weg wollen. Er verf\u00fcgt \u00fcber ein vorgef\u00fclltes E-Liquid-System und einen Zugmechanismus, der eine m\u00fchelose Nutzung erm\u00f6glicht. Dieses rauchfreie, benutzerfreundliche Ger\u00e4t bietet ein sauberes Dampferlebnis, das etwa zwei Schachteln Zigaretten entspricht.<\/p>\n<p>Der Akku ist vorgeladen und gew\u00e4hrleistet eine dauerhafte Leistung w\u00e4hrend der gesamten Lebensdauer des POD. Mit IZY Vape gibt es keinen Bedarf an Kn\u00f6pfen oder Schaltern; es geht nur darum, ein unkompliziertes, angenehmes Dampferlebnis zu genie\u00dfen.<\/p>\n<p>Zutaten: pflanzliches Glycerin (VG), Propylenglykol (PG), Aromen, Nikotin.<\/p>\n","protected":false},"excerpt":{"rendered":"<p><strong>Geschmack: <\/strong>Rich Tobacco<strong><br \/>\n<\/strong><strong>Nikotingehalt:<\/strong> 18mg\/ml<br \/>\n<strong>E-Fl\u00fcssigkeit Kapazit\u00e4t<\/strong>: 2ml<br \/>\n<strong>Batteriekapazit\u00e4t<\/strong>: 400mAh<br \/>\n<strong>Puffs<\/strong>: 600<\/p>\n","protected":false},"featured_media":1088,"template":"","meta":[],"product_cat":[55,53],"product_tag":[102,101],"acf":[],"yoast_head":"<!-- This site is optimized with the Yoast SEO plugin v22.0 - https:\/\/yoast.com\/wordpress\/plugins\/seo\/ -->\n<title>IZY Vape One - Rich Tobacco 18mg\/ml - Vape Snus<\/title>\n<meta name=\"description\" content=\"Entdecken Sie IZY Vape One: Ein schlanker, tragbarer POD mit Nikotinsalzen f\u00fcr ein sanftes Dampferlebnis, perfekt f\u00fcr unterwegs.\" \/>\n<meta name=\"robots\" content=\"index, follow, max-snippet:-1, max-image-preview:large, max-video-preview:-1\" \/>\n<link rel=\"canonical\" href=\"https:\/\/vapesnus.eu\/de\/produkt\/izy-vape-one-rich-tobacco-18mg-ml\/\" \/>\n<meta property=\"og:locale\" content=\"de_DE\" \/>\n<meta property=\"og:type\" content=\"article\" \/>\n<meta property=\"og:title\" content=\"IZY Vape One - Rich Tobacco 18mg\/ml - Vape Snus\" \/>\n<meta property=\"og:description\" content=\"Entdecken Sie IZY Vape One: Ein schlanker, tragbarer POD mit Nikotinsalzen f\u00fcr ein sanftes Dampferlebnis, perfekt f\u00fcr unterwegs.\" \/>\n<meta property=\"og:url\" content=\"https:\/\/vapesnus.eu\/de\/produkt\/izy-vape-one-rich-tobacco-18mg-ml\/\" \/>\n<meta property=\"og:site_name\" content=\"Vape Snus\" \/>\n<meta property=\"article:modified_time\" content=\"2025-12-01T15:39:40+00:00\" \/>\n<meta property=\"og:image\" content=\"https:\/\/vapesnus.eu\/wp-content\/uploads\/2023\/12\/IzyOne_Rich_Tobacco.jpg\" \/>\n\t<meta property=\"og:image:width\" content=\"2400\" \/>\n\t<meta property=\"og:image:height\" content=\"2400\" \/>\n\t<meta property=\"og:image:type\" content=\"image\/jpeg\" \/>\n<meta name=\"twitter:card\" content=\"summary_large_image\" \/>\n<meta name=\"twitter:label1\" content=\"Gesch\u00e4tzte Lesezeit\" \/>\n\t<meta name=\"twitter:data1\" content=\"1 Minute\" \/>\n<script type=\"application\/ld+json\" class=\"yoast-schema-graph\">{\"@context\":\"https:\/\/schema.org\",\"@graph\":[{\"@type\":\"WebPage\",\"@id\":\"https:\/\/vapesnus.eu\/de\/produkt\/izy-vape-one-rich-tobacco-18mg-ml\/\",\"url\":\"https:\/\/vapesnus.eu\/de\/produkt\/izy-vape-one-rich-tobacco-18mg-ml\/\",\"name\":\"IZY Vape One - Rich Tobacco 18mg\/ml - Vape Snus\",\"isPartOf\":{\"@id\":\"https:\/\/vapesnus.eu\/#website\"},\"datePublished\":\"2023-12-01T08:47:40+00:00\",\"dateModified\":\"2025-12-01T15:39:40+00:00\",\"description\":\"Entdecken Sie IZY Vape One: Ein schlanker, tragbarer POD mit Nikotinsalzen f\u00fcr ein sanftes Dampferlebnis, perfekt f\u00fcr unterwegs.\",\"breadcrumb\":{\"@id\":\"https:\/\/vapesnus.eu\/de\/produkt\/izy-vape-one-rich-tobacco-18mg-ml\/#breadcrumb\"},\"inLanguage\":\"de-DE\",\"potentialAction\":[{\"@type\":\"ReadAction\",\"target\":[\"https:\/\/vapesnus.eu\/de\/produkt\/izy-vape-one-rich-tobacco-18mg-ml\/\"]}]},{\"@type\":\"BreadcrumbList\",\"@id\":\"https:\/\/vapesnus.eu\/de\/produkt\/izy-vape-one-rich-tobacco-18mg-ml\/#breadcrumb\",\"itemListElement\":[{\"@type\":\"ListItem\",\"position\":1,\"name\":\"Home\",\"item\":\"https:\/\/vapesnus.eu\/de\/\"},{\"@type\":\"ListItem\",\"position\":2,\"name\":\"IZY Vape One &#8211; Rich Tobacco 18mg\/ml\"}]},{\"@type\":\"WebSite\",\"@id\":\"https:\/\/vapesnus.eu\/#website\",\"url\":\"https:\/\/vapesnus.eu\/\",\"name\":\"VapeSnus\",\"description\":\"Crafted for the discerning enthusiast\",\"publisher\":{\"@id\":\"https:\/\/vapesnus.eu\/#organization\"},\"potentialAction\":[{\"@type\":\"SearchAction\",\"target\":{\"@type\":\"EntryPoint\",\"urlTemplate\":\"https:\/\/vapesnus.eu\/?s={search_term_string}\"},\"query-input\":\"required name=search_term_string\"}],\"inLanguage\":\"de-DE\"},{\"@type\":\"Organization\",\"@id\":\"https:\/\/vapesnus.eu\/#organization\",\"name\":\"VapeSnus\",\"url\":\"https:\/\/vapesnus.eu\/\",\"logo\":{\"@type\":\"ImageObject\",\"inLanguage\":\"de-DE\",\"@id\":\"https:\/\/vapesnus.eu\/#\/schema\/logo\/image\/\",\"url\":\"https:\/\/vapesnus.eu\/wp-content\/uploads\/2023\/11\/vapesnus.webp\",\"contentUrl\":\"https:\/\/vapesnus.eu\/wp-content\/uploads\/2023\/11\/vapesnus.webp\",\"width\":942,\"height\":346,\"caption\":\"VapeSnus\"},\"image\":{\"@id\":\"https:\/\/vapesnus.eu\/#\/schema\/logo\/image\/\"}}]}<\/script>\n<!-- \/ Yoast SEO plugin. -->","yoast_head_json":{"title":"IZY Vape One - Rich Tobacco 18mg\/ml - Vape Snus","description":"Entdecken Sie IZY Vape One: Ein schlanker, tragbarer POD mit Nikotinsalzen f\u00fcr ein sanftes Dampferlebnis, perfekt f\u00fcr unterwegs.","robots":{"index":"index","follow":"follow","max-snippet":"max-snippet:-1","max-image-preview":"max-image-preview:large","max-video-preview":"max-video-preview:-1"},"canonical":"https:\/\/vapesnus.eu\/de\/produkt\/izy-vape-one-rich-tobacco-18mg-ml\/","og_locale":"de_DE","og_type":"article","og_title":"IZY Vape One - Rich Tobacco 18mg\/ml - Vape Snus","og_description":"Entdecken Sie IZY Vape One: Ein schlanker, tragbarer POD mit Nikotinsalzen f\u00fcr ein sanftes Dampferlebnis, perfekt f\u00fcr unterwegs.","og_url":"https:\/\/vapesnus.eu\/de\/produkt\/izy-vape-one-rich-tobacco-18mg-ml\/","og_site_name":"Vape Snus","article_modified_time":"2025-12-01T15:39:40+00:00","og_image":[{"width":2400,"height":2400,"url":"https:\/\/vapesnus.eu\/wp-content\/uploads\/2023\/12\/IzyOne_Rich_Tobacco.jpg","type":"image\/jpeg"}],"twitter_card":"summary_large_image","twitter_misc":{"Gesch\u00e4tzte Lesezeit":"1 Minute"},"schema":{"@context":"https:\/\/schema.org","@graph":[{"@type":"WebPage","@id":"https:\/\/vapesnus.eu\/de\/produkt\/izy-vape-one-rich-tobacco-18mg-ml\/","url":"https:\/\/vapesnus.eu\/de\/produkt\/izy-vape-one-rich-tobacco-18mg-ml\/","name":"IZY Vape One - Rich Tobacco 18mg\/ml - Vape Snus","isPartOf":{"@id":"https:\/\/vapesnus.eu\/#website"},"datePublished":"2023-12-01T08:47:40+00:00","dateModified":"2025-12-01T15:39:40+00:00","description":"Entdecken Sie IZY Vape One: Ein schlanker, tragbarer POD mit Nikotinsalzen f\u00fcr ein sanftes Dampferlebnis, perfekt f\u00fcr unterwegs.","breadcrumb":{"@id":"https:\/\/vapesnus.eu\/de\/produkt\/izy-vape-one-rich-tobacco-18mg-ml\/#breadcrumb"},"inLanguage":"de-DE","potentialAction":[{"@type":"ReadAction","target":["https:\/\/vapesnus.eu\/de\/produkt\/izy-vape-one-rich-tobacco-18mg-ml\/"]}]},{"@type":"BreadcrumbList","@id":"https:\/\/vapesnus.eu\/de\/produkt\/izy-vape-one-rich-tobacco-18mg-ml\/#breadcrumb","itemListElement":[{"@type":"ListItem","position":1,"name":"Home","item":"https:\/\/vapesnus.eu\/de\/"},{"@type":"ListItem","position":2,"name":"IZY Vape One &#8211; Rich Tobacco 18mg\/ml"}]},{"@type":"WebSite","@id":"https:\/\/vapesnus.eu\/#website","url":"https:\/\/vapesnus.eu\/","name":"VapeSnus","description":"Crafted for the discerning enthusiast","publisher":{"@id":"https:\/\/vapesnus.eu\/#organization"},"potentialAction":[{"@type":"SearchAction","target":{"@type":"EntryPoint","urlTemplate":"https:\/\/vapesnus.eu\/?s={search_term_string}"},"query-input":"required name=search_term_string"}],"inLanguage":"de-DE"},{"@type":"Organization","@id":"https:\/\/vapesnus.eu\/#organization","name":"VapeSnus","url":"https:\/\/vapesnus.eu\/","logo":{"@type":"ImageObject","inLanguage":"de-DE","@id":"https:\/\/vapesnus.eu\/#\/schema\/logo\/image\/","url":"https:\/\/vapesnus.eu\/wp-content\/uploads\/2023\/11\/vapesnus.webp","contentUrl":"https:\/\/vapesnus.eu\/wp-content\/uploads\/2023\/11\/vapesnus.webp","width":942,"height":346,"caption":"VapeSnus"},"image":{"@id":"https:\/\/vapesnus.eu\/#\/schema\/logo\/image\/"}}]}},"_links":{"self":[{"href":"https:\/\/vapesnus.eu\/de\/wp-json\/wp\/v2\/product\/476"}],"collection":[{"href":"https:\/\/vapesnus.eu\/de\/wp-json\/wp\/v2\/product"}],"about":[{"href":"https:\/\/vapesnus.eu\/de\/wp-json\/wp\/v2\/types\/product"}],"wp:featuredmedia":[{"embeddable":true,"href":"https:\/\/vapesnus.eu\/de\/wp-json\/wp\/v2\/media\/1088"}],"wp:attachment":[{"href":"https:\/\/vapesnus.eu\/de\/wp-json\/wp\/v2\/media?parent=476"}],"wp:term":[{"taxonomy":"product_cat","embeddable":true,"href":"https:\/\/vapesnus.eu\/de\/wp-json\/wp\/v2\/product_cat?post=476"},{"taxonomy":"product_tag","embeddable":true,"href":"https:\/\/vapesnus.eu\/de\/wp-json\/wp\/v2\/product_tag?post=476"}],"curies":[{"name":"wp","href":"https:\/\/api.w.org\/{rel}","templated":true}]}}