{"id":463,"date":"2023-10-28T11:24:47","date_gmt":"2023-10-28T11:24:47","guid":{"rendered":"https:\/\/vapesnus.eu\/product\/loop-jalapeno-limette-extra-stark-20mg-g\/"},"modified":"2024-05-17T07:46:01","modified_gmt":"2024-05-17T07:46:01","slug":"loop-jalapeno-lime-extra-strong","status":"publish","type":"product","link":"https:\/\/vapesnus.eu\/de\/produkt\/loop-jalapeno-lime-extra-strong\/","title":{"rendered":"LOOP Jalapeno Lime Extra Strong 20mg\/g"},"content":{"rendered":"<p><strong>LOOP Jalapeno Lime Extra Strong<\/strong> enth\u00e4lt eine brandneue und einzigartige Mischung von Aromen &#8211; die w\u00fcrzige gr\u00fcne Chili kombiniert mit dem erfrischenden Geschmack von Limetten, jetzt mit noch mehr Nikotin f\u00fcr erfahrene Nutzer.<\/p>\n<p>Alle LOOP-Nikotinbeutel haben eine unglaublich weiche Textur und eine schlanke Form, hergestellt mit der einzigartigen <strong>Instant Rush\u2122-Technologie<\/strong>, die einen au\u00dfergew\u00f6hnlich schnellen, stabilen und lang anhaltenden Nikotinkick garantiert.<\/p>\n<p>Dar\u00fcber hinaus werden alle LOOP-Nikotinbeutel in der weltweit ersten umweltfreundlichen Dose &#8211; der <strong>PlantCan\u2122<\/strong>&#8211; angeboten. Mehr als 50 % ihrer Zusammensetzung bestehen aus pflanzlichen Materialien, der Rest ist recycelter Kunststoff.<\/p>\n<p>Zutaten: Fasern, Wasser, Nikotin, S\u00fc\u00dfstoffe (E968, E950, E955), Aromen, S\u00e4ureregulator (E500), Feuchthaltemittel (E401), Trennmittel (E551), Ammoniumchlorid, Natriumchlorid, Konservierungsmittel (E202).<\/p>\n","protected":false},"excerpt":{"rendered":"<p><strong>Geschmack:<\/strong> Zitrusfr\u00fcchte<br \/>\n<strong>Nikotingehalt:<\/strong> 20mg\/g<br \/>\n<strong>Beutel pro Dose:<\/strong> 20<\/p>\n","protected":false},"featured_media":376,"template":"","meta":[],"product_cat":[60,58],"product_tag":[],"acf":[],"yoast_head":"<!-- This site is optimized with the Yoast SEO plugin v22.0 - https:\/\/yoast.com\/wordpress\/plugins\/seo\/ -->\n<title>LOOP Jalapeno Lime Extra Strong 20mg\/g - Vape Snus<\/title>\n<meta name=\"robots\" content=\"index, follow, max-snippet:-1, max-image-preview:large, max-video-preview:-1\" \/>\n<link rel=\"canonical\" href=\"https:\/\/vapesnus.eu\/de\/produkt\/loop-jalapeno-lime-extra-strong\/\" \/>\n<meta property=\"og:locale\" content=\"de_DE\" \/>\n<meta property=\"og:type\" content=\"article\" \/>\n<meta property=\"og:title\" content=\"LOOP Jalapeno Lime Extra Strong 20mg\/g - Vape Snus\" \/>\n<meta property=\"og:description\" content=\"Geschmack: Zitrusfr\u00fcchte Nikotingehalt: 20mg\/g Beutel pro Dose: 20\" \/>\n<meta property=\"og:url\" content=\"https:\/\/vapesnus.eu\/de\/produkt\/loop-jalapeno-lime-extra-strong\/\" \/>\n<meta property=\"og:site_name\" content=\"Vape Snus\" \/>\n<meta property=\"article:modified_time\" content=\"2024-05-17T07:46:01+00:00\" \/>\n<meta property=\"og:image\" content=\"https:\/\/vapesnus.eu\/wp-content\/uploads\/2023\/10\/Jalapeno_S4-2_skiss.jpg\" \/>\n\t<meta property=\"og:image:width\" content=\"700\" \/>\n\t<meta property=\"og:image:height\" content=\"700\" \/>\n\t<meta property=\"og:image:type\" content=\"image\/jpeg\" \/>\n<meta name=\"twitter:card\" content=\"summary_large_image\" \/>\n<meta name=\"twitter:label1\" content=\"Gesch\u00e4tzte Lesezeit\" \/>\n\t<meta name=\"twitter:data1\" content=\"1 Minute\" \/>\n<script type=\"application\/ld+json\" class=\"yoast-schema-graph\">{\"@context\":\"https:\/\/schema.org\",\"@graph\":[{\"@type\":\"WebPage\",\"@id\":\"https:\/\/vapesnus.eu\/de\/produkt\/loop-jalapeno-lime-extra-strong\/\",\"url\":\"https:\/\/vapesnus.eu\/de\/produkt\/loop-jalapeno-lime-extra-strong\/\",\"name\":\"LOOP Jalapeno Lime Extra Strong 20mg\/g - Vape Snus\",\"isPartOf\":{\"@id\":\"https:\/\/vapesnus.eu\/#website\"},\"datePublished\":\"2023-10-28T11:24:47+00:00\",\"dateModified\":\"2024-05-17T07:46:01+00:00\",\"breadcrumb\":{\"@id\":\"https:\/\/vapesnus.eu\/de\/produkt\/loop-jalapeno-lime-extra-strong\/#breadcrumb\"},\"inLanguage\":\"de-DE\",\"potentialAction\":[{\"@type\":\"ReadAction\",\"target\":[\"https:\/\/vapesnus.eu\/de\/produkt\/loop-jalapeno-lime-extra-strong\/\"]}]},{\"@type\":\"BreadcrumbList\",\"@id\":\"https:\/\/vapesnus.eu\/de\/produkt\/loop-jalapeno-lime-extra-strong\/#breadcrumb\",\"itemListElement\":[{\"@type\":\"ListItem\",\"position\":1,\"name\":\"Home\",\"item\":\"https:\/\/vapesnus.eu\/de\/\"},{\"@type\":\"ListItem\",\"position\":2,\"name\":\"LOOP Jalapeno Lime Extra Strong 20mg\/g\"}]},{\"@type\":\"WebSite\",\"@id\":\"https:\/\/vapesnus.eu\/#website\",\"url\":\"https:\/\/vapesnus.eu\/\",\"name\":\"VapeSnus\",\"description\":\"Crafted for the discerning enthusiast\",\"publisher\":{\"@id\":\"https:\/\/vapesnus.eu\/#organization\"},\"potentialAction\":[{\"@type\":\"SearchAction\",\"target\":{\"@type\":\"EntryPoint\",\"urlTemplate\":\"https:\/\/vapesnus.eu\/?s={search_term_string}\"},\"query-input\":\"required name=search_term_string\"}],\"inLanguage\":\"de-DE\"},{\"@type\":\"Organization\",\"@id\":\"https:\/\/vapesnus.eu\/#organization\",\"name\":\"VapeSnus\",\"url\":\"https:\/\/vapesnus.eu\/\",\"logo\":{\"@type\":\"ImageObject\",\"inLanguage\":\"de-DE\",\"@id\":\"https:\/\/vapesnus.eu\/#\/schema\/logo\/image\/\",\"url\":\"https:\/\/vapesnus.eu\/wp-content\/uploads\/2023\/11\/vapesnus.webp\",\"contentUrl\":\"https:\/\/vapesnus.eu\/wp-content\/uploads\/2023\/11\/vapesnus.webp\",\"width\":942,\"height\":346,\"caption\":\"VapeSnus\"},\"image\":{\"@id\":\"https:\/\/vapesnus.eu\/#\/schema\/logo\/image\/\"}}]}<\/script>\n<!-- \/ Yoast SEO plugin. -->","yoast_head_json":{"title":"LOOP Jalapeno Lime Extra Strong 20mg\/g - Vape Snus","robots":{"index":"index","follow":"follow","max-snippet":"max-snippet:-1","max-image-preview":"max-image-preview:large","max-video-preview":"max-video-preview:-1"},"canonical":"https:\/\/vapesnus.eu\/de\/produkt\/loop-jalapeno-lime-extra-strong\/","og_locale":"de_DE","og_type":"article","og_title":"LOOP Jalapeno Lime Extra Strong 20mg\/g - Vape Snus","og_description":"Geschmack: Zitrusfr\u00fcchte Nikotingehalt: 20mg\/g Beutel pro Dose: 20","og_url":"https:\/\/vapesnus.eu\/de\/produkt\/loop-jalapeno-lime-extra-strong\/","og_site_name":"Vape Snus","article_modified_time":"2024-05-17T07:46:01+00:00","og_image":[{"width":700,"height":700,"url":"https:\/\/vapesnus.eu\/wp-content\/uploads\/2023\/10\/Jalapeno_S4-2_skiss.jpg","type":"image\/jpeg"}],"twitter_card":"summary_large_image","twitter_misc":{"Gesch\u00e4tzte Lesezeit":"1 Minute"},"schema":{"@context":"https:\/\/schema.org","@graph":[{"@type":"WebPage","@id":"https:\/\/vapesnus.eu\/de\/produkt\/loop-jalapeno-lime-extra-strong\/","url":"https:\/\/vapesnus.eu\/de\/produkt\/loop-jalapeno-lime-extra-strong\/","name":"LOOP Jalapeno Lime Extra Strong 20mg\/g - Vape Snus","isPartOf":{"@id":"https:\/\/vapesnus.eu\/#website"},"datePublished":"2023-10-28T11:24:47+00:00","dateModified":"2024-05-17T07:46:01+00:00","breadcrumb":{"@id":"https:\/\/vapesnus.eu\/de\/produkt\/loop-jalapeno-lime-extra-strong\/#breadcrumb"},"inLanguage":"de-DE","potentialAction":[{"@type":"ReadAction","target":["https:\/\/vapesnus.eu\/de\/produkt\/loop-jalapeno-lime-extra-strong\/"]}]},{"@type":"BreadcrumbList","@id":"https:\/\/vapesnus.eu\/de\/produkt\/loop-jalapeno-lime-extra-strong\/#breadcrumb","itemListElement":[{"@type":"ListItem","position":1,"name":"Home","item":"https:\/\/vapesnus.eu\/de\/"},{"@type":"ListItem","position":2,"name":"LOOP Jalapeno Lime Extra Strong 20mg\/g"}]},{"@type":"WebSite","@id":"https:\/\/vapesnus.eu\/#website","url":"https:\/\/vapesnus.eu\/","name":"VapeSnus","description":"Crafted for the discerning enthusiast","publisher":{"@id":"https:\/\/vapesnus.eu\/#organization"},"potentialAction":[{"@type":"SearchAction","target":{"@type":"EntryPoint","urlTemplate":"https:\/\/vapesnus.eu\/?s={search_term_string}"},"query-input":"required name=search_term_string"}],"inLanguage":"de-DE"},{"@type":"Organization","@id":"https:\/\/vapesnus.eu\/#organization","name":"VapeSnus","url":"https:\/\/vapesnus.eu\/","logo":{"@type":"ImageObject","inLanguage":"de-DE","@id":"https:\/\/vapesnus.eu\/#\/schema\/logo\/image\/","url":"https:\/\/vapesnus.eu\/wp-content\/uploads\/2023\/11\/vapesnus.webp","contentUrl":"https:\/\/vapesnus.eu\/wp-content\/uploads\/2023\/11\/vapesnus.webp","width":942,"height":346,"caption":"VapeSnus"},"image":{"@id":"https:\/\/vapesnus.eu\/#\/schema\/logo\/image\/"}}]}},"_links":{"self":[{"href":"https:\/\/vapesnus.eu\/de\/wp-json\/wp\/v2\/product\/463"}],"collection":[{"href":"https:\/\/vapesnus.eu\/de\/wp-json\/wp\/v2\/product"}],"about":[{"href":"https:\/\/vapesnus.eu\/de\/wp-json\/wp\/v2\/types\/product"}],"wp:featuredmedia":[{"embeddable":true,"href":"https:\/\/vapesnus.eu\/de\/wp-json\/wp\/v2\/media\/376"}],"wp:attachment":[{"href":"https:\/\/vapesnus.eu\/de\/wp-json\/wp\/v2\/media?parent=463"}],"wp:term":[{"taxonomy":"product_cat","embeddable":true,"href":"https:\/\/vapesnus.eu\/de\/wp-json\/wp\/v2\/product_cat?post=463"},{"taxonomy":"product_tag","embeddable":true,"href":"https:\/\/vapesnus.eu\/de\/wp-json\/wp\/v2\/product_tag?post=463"}],"curies":[{"name":"wp","href":"https:\/\/api.w.org\/{rel}","templated":true}]}}