{"id":460,"date":"2023-10-28T11:17:11","date_gmt":"2023-10-28T11:17:11","guid":{"rendered":"https:\/\/vapesnus.eu\/product\/klint-gefrier-minze-16mg-g\/"},"modified":"2024-05-17T07:48:12","modified_gmt":"2024-05-17T07:48:12","slug":"klint-freeze-mint","status":"publish","type":"product","link":"https:\/\/vapesnus.eu\/de\/produkt\/klint-freeze-mint\/","title":{"rendered":"KLINT Freeze Mint 16mg\/g"},"content":{"rendered":"<p class=\"p1\"><b>KLINT Freeze Mint<\/b> hat die maximale Geschmackswirkung von Minze und eiskaltem Menthol, was einen k\u00fchlenden Effekt und extra lang anhaltende Frische verleiht.<\/p>\n<p>Zutaten: Fasern, Wasser, S\u00fc\u00dfstoff (E968, E950, E955), Nikotin, Aromen, Trennmittel (E551), S\u00e4ureregulator (E500), Natriumchlorid, Konservierungsmittel (E202).<\/p>\n","protected":false},"excerpt":{"rendered":"<p><strong>Geschmack:<\/strong> Minze<br \/>\n<strong>Nikotingehalt:<\/strong> 16mg\/g<br \/>\n<strong>Beutel pro Dose:<\/strong> 24<\/p>\n","protected":false},"featured_media":374,"template":"","meta":[],"product_cat":[59,58],"product_tag":[],"acf":[],"yoast_head":"<!-- This site is optimized with the Yoast SEO plugin v22.0 - https:\/\/yoast.com\/wordpress\/plugins\/seo\/ -->\n<title>KLINT Freeze Mint 16mg\/g - Vape Snus<\/title>\n<meta name=\"robots\" content=\"index, follow, max-snippet:-1, max-image-preview:large, max-video-preview:-1\" \/>\n<link rel=\"canonical\" href=\"https:\/\/vapesnus.eu\/de\/produkt\/klint-freeze-mint\/\" \/>\n<meta property=\"og:locale\" content=\"de_DE\" \/>\n<meta property=\"og:type\" content=\"article\" \/>\n<meta property=\"og:title\" content=\"KLINT Freeze Mint 16mg\/g - Vape Snus\" \/>\n<meta property=\"og:description\" content=\"Geschmack: Minze Nikotingehalt: 16mg\/g Beutel pro Dose: 24\" \/>\n<meta property=\"og:url\" content=\"https:\/\/vapesnus.eu\/de\/produkt\/klint-freeze-mint\/\" \/>\n<meta property=\"og:site_name\" content=\"Vape Snus\" \/>\n<meta property=\"article:modified_time\" content=\"2024-05-17T07:48:12+00:00\" \/>\n<meta property=\"og:image\" content=\"https:\/\/vapesnus.eu\/wp-content\/uploads\/2023\/10\/c39c5546-9010-48a7-bfa7-b451e363330b.jpg\" \/>\n\t<meta property=\"og:image:width\" content=\"1024\" \/>\n\t<meta property=\"og:image:height\" content=\"1024\" \/>\n\t<meta property=\"og:image:type\" content=\"image\/jpeg\" \/>\n<meta name=\"twitter:card\" content=\"summary_large_image\" \/>\n<meta name=\"twitter:label1\" content=\"Gesch\u00e4tzte Lesezeit\" \/>\n\t<meta name=\"twitter:data1\" content=\"1 Minute\" \/>\n<script type=\"application\/ld+json\" class=\"yoast-schema-graph\">{\"@context\":\"https:\/\/schema.org\",\"@graph\":[{\"@type\":\"WebPage\",\"@id\":\"https:\/\/vapesnus.eu\/de\/produkt\/klint-freeze-mint\/\",\"url\":\"https:\/\/vapesnus.eu\/de\/produkt\/klint-freeze-mint\/\",\"name\":\"KLINT Freeze Mint 16mg\/g - Vape Snus\",\"isPartOf\":{\"@id\":\"https:\/\/vapesnus.eu\/#website\"},\"datePublished\":\"2023-10-28T11:17:11+00:00\",\"dateModified\":\"2024-05-17T07:48:12+00:00\",\"breadcrumb\":{\"@id\":\"https:\/\/vapesnus.eu\/de\/produkt\/klint-freeze-mint\/#breadcrumb\"},\"inLanguage\":\"de-DE\",\"potentialAction\":[{\"@type\":\"ReadAction\",\"target\":[\"https:\/\/vapesnus.eu\/de\/produkt\/klint-freeze-mint\/\"]}]},{\"@type\":\"BreadcrumbList\",\"@id\":\"https:\/\/vapesnus.eu\/de\/produkt\/klint-freeze-mint\/#breadcrumb\",\"itemListElement\":[{\"@type\":\"ListItem\",\"position\":1,\"name\":\"Home\",\"item\":\"https:\/\/vapesnus.eu\/de\/\"},{\"@type\":\"ListItem\",\"position\":2,\"name\":\"KLINT Freeze Mint 16mg\/g\"}]},{\"@type\":\"WebSite\",\"@id\":\"https:\/\/vapesnus.eu\/#website\",\"url\":\"https:\/\/vapesnus.eu\/\",\"name\":\"VapeSnus\",\"description\":\"Crafted for the discerning enthusiast\",\"publisher\":{\"@id\":\"https:\/\/vapesnus.eu\/#organization\"},\"potentialAction\":[{\"@type\":\"SearchAction\",\"target\":{\"@type\":\"EntryPoint\",\"urlTemplate\":\"https:\/\/vapesnus.eu\/?s={search_term_string}\"},\"query-input\":\"required name=search_term_string\"}],\"inLanguage\":\"de-DE\"},{\"@type\":\"Organization\",\"@id\":\"https:\/\/vapesnus.eu\/#organization\",\"name\":\"VapeSnus\",\"url\":\"https:\/\/vapesnus.eu\/\",\"logo\":{\"@type\":\"ImageObject\",\"inLanguage\":\"de-DE\",\"@id\":\"https:\/\/vapesnus.eu\/#\/schema\/logo\/image\/\",\"url\":\"https:\/\/vapesnus.eu\/wp-content\/uploads\/2023\/11\/vapesnus.webp\",\"contentUrl\":\"https:\/\/vapesnus.eu\/wp-content\/uploads\/2023\/11\/vapesnus.webp\",\"width\":942,\"height\":346,\"caption\":\"VapeSnus\"},\"image\":{\"@id\":\"https:\/\/vapesnus.eu\/#\/schema\/logo\/image\/\"}}]}<\/script>\n<!-- \/ Yoast SEO plugin. -->","yoast_head_json":{"title":"KLINT Freeze Mint 16mg\/g - Vape Snus","robots":{"index":"index","follow":"follow","max-snippet":"max-snippet:-1","max-image-preview":"max-image-preview:large","max-video-preview":"max-video-preview:-1"},"canonical":"https:\/\/vapesnus.eu\/de\/produkt\/klint-freeze-mint\/","og_locale":"de_DE","og_type":"article","og_title":"KLINT Freeze Mint 16mg\/g - Vape Snus","og_description":"Geschmack: Minze Nikotingehalt: 16mg\/g Beutel pro Dose: 24","og_url":"https:\/\/vapesnus.eu\/de\/produkt\/klint-freeze-mint\/","og_site_name":"Vape Snus","article_modified_time":"2024-05-17T07:48:12+00:00","og_image":[{"width":1024,"height":1024,"url":"https:\/\/vapesnus.eu\/wp-content\/uploads\/2023\/10\/c39c5546-9010-48a7-bfa7-b451e363330b.jpg","type":"image\/jpeg"}],"twitter_card":"summary_large_image","twitter_misc":{"Gesch\u00e4tzte Lesezeit":"1 Minute"},"schema":{"@context":"https:\/\/schema.org","@graph":[{"@type":"WebPage","@id":"https:\/\/vapesnus.eu\/de\/produkt\/klint-freeze-mint\/","url":"https:\/\/vapesnus.eu\/de\/produkt\/klint-freeze-mint\/","name":"KLINT Freeze Mint 16mg\/g - Vape Snus","isPartOf":{"@id":"https:\/\/vapesnus.eu\/#website"},"datePublished":"2023-10-28T11:17:11+00:00","dateModified":"2024-05-17T07:48:12+00:00","breadcrumb":{"@id":"https:\/\/vapesnus.eu\/de\/produkt\/klint-freeze-mint\/#breadcrumb"},"inLanguage":"de-DE","potentialAction":[{"@type":"ReadAction","target":["https:\/\/vapesnus.eu\/de\/produkt\/klint-freeze-mint\/"]}]},{"@type":"BreadcrumbList","@id":"https:\/\/vapesnus.eu\/de\/produkt\/klint-freeze-mint\/#breadcrumb","itemListElement":[{"@type":"ListItem","position":1,"name":"Home","item":"https:\/\/vapesnus.eu\/de\/"},{"@type":"ListItem","position":2,"name":"KLINT Freeze Mint 16mg\/g"}]},{"@type":"WebSite","@id":"https:\/\/vapesnus.eu\/#website","url":"https:\/\/vapesnus.eu\/","name":"VapeSnus","description":"Crafted for the discerning enthusiast","publisher":{"@id":"https:\/\/vapesnus.eu\/#organization"},"potentialAction":[{"@type":"SearchAction","target":{"@type":"EntryPoint","urlTemplate":"https:\/\/vapesnus.eu\/?s={search_term_string}"},"query-input":"required name=search_term_string"}],"inLanguage":"de-DE"},{"@type":"Organization","@id":"https:\/\/vapesnus.eu\/#organization","name":"VapeSnus","url":"https:\/\/vapesnus.eu\/","logo":{"@type":"ImageObject","inLanguage":"de-DE","@id":"https:\/\/vapesnus.eu\/#\/schema\/logo\/image\/","url":"https:\/\/vapesnus.eu\/wp-content\/uploads\/2023\/11\/vapesnus.webp","contentUrl":"https:\/\/vapesnus.eu\/wp-content\/uploads\/2023\/11\/vapesnus.webp","width":942,"height":346,"caption":"VapeSnus"},"image":{"@id":"https:\/\/vapesnus.eu\/#\/schema\/logo\/image\/"}}]}},"_links":{"self":[{"href":"https:\/\/vapesnus.eu\/de\/wp-json\/wp\/v2\/product\/460"}],"collection":[{"href":"https:\/\/vapesnus.eu\/de\/wp-json\/wp\/v2\/product"}],"about":[{"href":"https:\/\/vapesnus.eu\/de\/wp-json\/wp\/v2\/types\/product"}],"wp:featuredmedia":[{"embeddable":true,"href":"https:\/\/vapesnus.eu\/de\/wp-json\/wp\/v2\/media\/374"}],"wp:attachment":[{"href":"https:\/\/vapesnus.eu\/de\/wp-json\/wp\/v2\/media?parent=460"}],"wp:term":[{"taxonomy":"product_cat","embeddable":true,"href":"https:\/\/vapesnus.eu\/de\/wp-json\/wp\/v2\/product_cat?post=460"},{"taxonomy":"product_tag","embeddable":true,"href":"https:\/\/vapesnus.eu\/de\/wp-json\/wp\/v2\/product_tag?post=460"}],"curies":[{"name":"wp","href":"https:\/\/api.w.org\/{rel}","templated":true}]}}