{"id":453,"date":"2023-10-28T10:59:28","date_gmt":"2023-10-28T10:59:28","guid":{"rendered":"https:\/\/vapesnus.eu\/product\/vozol-bar-s-geeiste-mango-20mg-ml\/"},"modified":"2024-05-17T07:53:00","modified_gmt":"2024-05-17T07:53:00","slug":"vozol-bar-s-wegwerf-pod-iced-mango","status":"publish","type":"product","link":"https:\/\/vapesnus.eu\/de\/produkt\/vozol-bar-s-wegwerf-pod-iced-mango\/","title":{"rendered":"VOZOL BAR S &#8211; Iced Mango 20mg\/ml"},"content":{"rendered":"<p>Der einzigartige und handliche VOZOL BAR S Einweg-Vape ist ein kleiner Einweg-Pod, der sich angenehm in der Hand anf\u00fchlt, bei dem man keinen Knopf dr\u00fccken und nichts nachf\u00fcllen muss.<br \/>\nDas VOZOL BAR S Mundst\u00fcck ist ergonomisch geformt, passt sich perfekt an Ihren Mund an und ist ideal f\u00fcr einen sanften Kehlkopfhieb, um Sie mit dem Gef\u00fchl jedes Inhalierens vollkommen zufrieden zu stellen.<\/p>\n<p>450mAh Akku-Kapazit\u00e4t k\u00f6nnen Sie \u00fcber 500 Z\u00fcge der ultimative Geschmackserlebnis zu bringen. Zus\u00e4tzlich enth\u00e4lt es ein Monomer-Aroma, um den Geschmack reiner zu machen, und einen unabh\u00e4ngigen Fl\u00fcssigkeitsbeh\u00e4lter aus lebensmittelechtem Material, um ein ges\u00fcnderes Benutzererlebnis zu gew\u00e4hrleisten!<\/p>\n<p>Zutaten: pflanzliches Glycerin (VG), Propylenglykol (PG), Aromen, Nikotin.<\/p>\n","protected":false},"excerpt":{"rendered":"<p><strong>Geschmack: <\/strong>Iced Mango<strong><br \/>\n<\/strong><strong>Nikotingehalt:<\/strong> 20mg\/ml<br \/>\n<strong>E-Fl\u00fcssigkeit Kapazit\u00e4t<\/strong>: 2ml<br \/>\n<strong>Akku-Kapazit\u00e4t<\/strong>: 450mAh<br \/>\n<strong>Puffs<\/strong>: 500+<\/p>\n","protected":false},"featured_media":366,"template":"","meta":[],"product_cat":[53,54],"product_tag":[102,101],"acf":[],"yoast_head":"<!-- This site is optimized with the Yoast SEO plugin v22.0 - https:\/\/yoast.com\/wordpress\/plugins\/seo\/ -->\n<title>VOZOL BAR S - Iced Mango 20mg\/ml - Vape Snus<\/title>\n<meta name=\"robots\" content=\"index, follow, max-snippet:-1, max-image-preview:large, max-video-preview:-1\" \/>\n<link rel=\"canonical\" href=\"https:\/\/vapesnus.eu\/de\/produkt\/vozol-bar-s-wegwerf-pod-iced-mango\/\" \/>\n<meta property=\"og:locale\" content=\"de_DE\" \/>\n<meta property=\"og:type\" content=\"article\" \/>\n<meta property=\"og:title\" content=\"VOZOL BAR S - Iced Mango 20mg\/ml - Vape Snus\" \/>\n<meta property=\"og:description\" content=\"Geschmack: Iced Mango Nikotingehalt: 20mg\/ml E-Fl\u00fcssigkeit Kapazit\u00e4t: 2ml Akku-Kapazit\u00e4t: 450mAh Puffs: 500+\" \/>\n<meta property=\"og:url\" content=\"https:\/\/vapesnus.eu\/de\/produkt\/vozol-bar-s-wegwerf-pod-iced-mango\/\" \/>\n<meta property=\"og:site_name\" content=\"Vape Snus\" \/>\n<meta property=\"article:modified_time\" content=\"2024-05-17T07:53:00+00:00\" \/>\n<meta property=\"og:image\" content=\"https:\/\/vapesnus.eu\/wp-content\/uploads\/2023\/10\/bar-s-iced-mango.jpg\" \/>\n\t<meta property=\"og:image:width\" content=\"1000\" \/>\n\t<meta property=\"og:image:height\" content=\"1000\" \/>\n\t<meta property=\"og:image:type\" content=\"image\/jpeg\" \/>\n<meta name=\"twitter:card\" content=\"summary_large_image\" \/>\n<meta name=\"twitter:label1\" content=\"Gesch\u00e4tzte Lesezeit\" \/>\n\t<meta name=\"twitter:data1\" content=\"1 Minute\" \/>\n<script type=\"application\/ld+json\" class=\"yoast-schema-graph\">{\"@context\":\"https:\/\/schema.org\",\"@graph\":[{\"@type\":\"WebPage\",\"@id\":\"https:\/\/vapesnus.eu\/de\/produkt\/vozol-bar-s-wegwerf-pod-iced-mango\/\",\"url\":\"https:\/\/vapesnus.eu\/de\/produkt\/vozol-bar-s-wegwerf-pod-iced-mango\/\",\"name\":\"VOZOL BAR S - Iced Mango 20mg\/ml - Vape Snus\",\"isPartOf\":{\"@id\":\"https:\/\/vapesnus.eu\/#website\"},\"datePublished\":\"2023-10-28T10:59:28+00:00\",\"dateModified\":\"2024-05-17T07:53:00+00:00\",\"breadcrumb\":{\"@id\":\"https:\/\/vapesnus.eu\/de\/produkt\/vozol-bar-s-wegwerf-pod-iced-mango\/#breadcrumb\"},\"inLanguage\":\"de-DE\",\"potentialAction\":[{\"@type\":\"ReadAction\",\"target\":[\"https:\/\/vapesnus.eu\/de\/produkt\/vozol-bar-s-wegwerf-pod-iced-mango\/\"]}]},{\"@type\":\"BreadcrumbList\",\"@id\":\"https:\/\/vapesnus.eu\/de\/produkt\/vozol-bar-s-wegwerf-pod-iced-mango\/#breadcrumb\",\"itemListElement\":[{\"@type\":\"ListItem\",\"position\":1,\"name\":\"Home\",\"item\":\"https:\/\/vapesnus.eu\/de\/\"},{\"@type\":\"ListItem\",\"position\":2,\"name\":\"VOZOL BAR S &#8211; Iced Mango 20mg\/ml\"}]},{\"@type\":\"WebSite\",\"@id\":\"https:\/\/vapesnus.eu\/#website\",\"url\":\"https:\/\/vapesnus.eu\/\",\"name\":\"VapeSnus\",\"description\":\"Crafted for the discerning enthusiast\",\"publisher\":{\"@id\":\"https:\/\/vapesnus.eu\/#organization\"},\"potentialAction\":[{\"@type\":\"SearchAction\",\"target\":{\"@type\":\"EntryPoint\",\"urlTemplate\":\"https:\/\/vapesnus.eu\/?s={search_term_string}\"},\"query-input\":\"required name=search_term_string\"}],\"inLanguage\":\"de-DE\"},{\"@type\":\"Organization\",\"@id\":\"https:\/\/vapesnus.eu\/#organization\",\"name\":\"VapeSnus\",\"url\":\"https:\/\/vapesnus.eu\/\",\"logo\":{\"@type\":\"ImageObject\",\"inLanguage\":\"de-DE\",\"@id\":\"https:\/\/vapesnus.eu\/#\/schema\/logo\/image\/\",\"url\":\"https:\/\/vapesnus.eu\/wp-content\/uploads\/2023\/11\/vapesnus.webp\",\"contentUrl\":\"https:\/\/vapesnus.eu\/wp-content\/uploads\/2023\/11\/vapesnus.webp\",\"width\":942,\"height\":346,\"caption\":\"VapeSnus\"},\"image\":{\"@id\":\"https:\/\/vapesnus.eu\/#\/schema\/logo\/image\/\"}}]}<\/script>\n<!-- \/ Yoast SEO plugin. -->","yoast_head_json":{"title":"VOZOL BAR S - Iced Mango 20mg\/ml - Vape Snus","robots":{"index":"index","follow":"follow","max-snippet":"max-snippet:-1","max-image-preview":"max-image-preview:large","max-video-preview":"max-video-preview:-1"},"canonical":"https:\/\/vapesnus.eu\/de\/produkt\/vozol-bar-s-wegwerf-pod-iced-mango\/","og_locale":"de_DE","og_type":"article","og_title":"VOZOL BAR S - Iced Mango 20mg\/ml - Vape Snus","og_description":"Geschmack: Iced Mango Nikotingehalt: 20mg\/ml E-Fl\u00fcssigkeit Kapazit\u00e4t: 2ml Akku-Kapazit\u00e4t: 450mAh Puffs: 500+","og_url":"https:\/\/vapesnus.eu\/de\/produkt\/vozol-bar-s-wegwerf-pod-iced-mango\/","og_site_name":"Vape Snus","article_modified_time":"2024-05-17T07:53:00+00:00","og_image":[{"width":1000,"height":1000,"url":"https:\/\/vapesnus.eu\/wp-content\/uploads\/2023\/10\/bar-s-iced-mango.jpg","type":"image\/jpeg"}],"twitter_card":"summary_large_image","twitter_misc":{"Gesch\u00e4tzte Lesezeit":"1 Minute"},"schema":{"@context":"https:\/\/schema.org","@graph":[{"@type":"WebPage","@id":"https:\/\/vapesnus.eu\/de\/produkt\/vozol-bar-s-wegwerf-pod-iced-mango\/","url":"https:\/\/vapesnus.eu\/de\/produkt\/vozol-bar-s-wegwerf-pod-iced-mango\/","name":"VOZOL BAR S - Iced Mango 20mg\/ml - Vape Snus","isPartOf":{"@id":"https:\/\/vapesnus.eu\/#website"},"datePublished":"2023-10-28T10:59:28+00:00","dateModified":"2024-05-17T07:53:00+00:00","breadcrumb":{"@id":"https:\/\/vapesnus.eu\/de\/produkt\/vozol-bar-s-wegwerf-pod-iced-mango\/#breadcrumb"},"inLanguage":"de-DE","potentialAction":[{"@type":"ReadAction","target":["https:\/\/vapesnus.eu\/de\/produkt\/vozol-bar-s-wegwerf-pod-iced-mango\/"]}]},{"@type":"BreadcrumbList","@id":"https:\/\/vapesnus.eu\/de\/produkt\/vozol-bar-s-wegwerf-pod-iced-mango\/#breadcrumb","itemListElement":[{"@type":"ListItem","position":1,"name":"Home","item":"https:\/\/vapesnus.eu\/de\/"},{"@type":"ListItem","position":2,"name":"VOZOL BAR S &#8211; Iced Mango 20mg\/ml"}]},{"@type":"WebSite","@id":"https:\/\/vapesnus.eu\/#website","url":"https:\/\/vapesnus.eu\/","name":"VapeSnus","description":"Crafted for the discerning enthusiast","publisher":{"@id":"https:\/\/vapesnus.eu\/#organization"},"potentialAction":[{"@type":"SearchAction","target":{"@type":"EntryPoint","urlTemplate":"https:\/\/vapesnus.eu\/?s={search_term_string}"},"query-input":"required name=search_term_string"}],"inLanguage":"de-DE"},{"@type":"Organization","@id":"https:\/\/vapesnus.eu\/#organization","name":"VapeSnus","url":"https:\/\/vapesnus.eu\/","logo":{"@type":"ImageObject","inLanguage":"de-DE","@id":"https:\/\/vapesnus.eu\/#\/schema\/logo\/image\/","url":"https:\/\/vapesnus.eu\/wp-content\/uploads\/2023\/11\/vapesnus.webp","contentUrl":"https:\/\/vapesnus.eu\/wp-content\/uploads\/2023\/11\/vapesnus.webp","width":942,"height":346,"caption":"VapeSnus"},"image":{"@id":"https:\/\/vapesnus.eu\/#\/schema\/logo\/image\/"}}]}},"_links":{"self":[{"href":"https:\/\/vapesnus.eu\/de\/wp-json\/wp\/v2\/product\/453"}],"collection":[{"href":"https:\/\/vapesnus.eu\/de\/wp-json\/wp\/v2\/product"}],"about":[{"href":"https:\/\/vapesnus.eu\/de\/wp-json\/wp\/v2\/types\/product"}],"wp:featuredmedia":[{"embeddable":true,"href":"https:\/\/vapesnus.eu\/de\/wp-json\/wp\/v2\/media\/366"}],"wp:attachment":[{"href":"https:\/\/vapesnus.eu\/de\/wp-json\/wp\/v2\/media?parent=453"}],"wp:term":[{"taxonomy":"product_cat","embeddable":true,"href":"https:\/\/vapesnus.eu\/de\/wp-json\/wp\/v2\/product_cat?post=453"},{"taxonomy":"product_tag","embeddable":true,"href":"https:\/\/vapesnus.eu\/de\/wp-json\/wp\/v2\/product_tag?post=453"}],"curies":[{"name":"wp","href":"https:\/\/api.w.org\/{rel}","templated":true}]}}