{"id":450,"date":"2023-10-28T10:42:28","date_gmt":"2023-10-28T10:42:28","guid":{"rendered":"https:\/\/vapesnus.eu\/product\/izy-vape-one-erdbeere-eis-18mg-ml\/"},"modified":"2025-07-15T09:40:41","modified_gmt":"2025-07-15T09:40:41","slug":"izy-vape-one-disposable-pod-strawberry-ice","status":"publish","type":"product","link":"https:\/\/vapesnus.eu\/de\/produkt\/izy-vape-one-disposable-pod-strawberry-ice\/","title":{"rendered":"IZY Vape One &#8211; Strawberry Ice 18mg\/ml"},"content":{"rendered":"<p>IZY Vape One Disposable POD Ger\u00e4t mit Nikotinsalzen ist die n\u00e4chste Generation von Nikotin e-Fl\u00fcssigkeit vaping.<br \/>\nKlein, elegant, diskret und leicht, IZY POD kommt mit den beliebtesten Aromen in Nikotinsalzen.<br \/>\nDie perfekte L\u00f6sung f\u00fcr den Umstieg von der Zigarette wird mit vorgef\u00fclltem E-Liquid und einem durch Ziehen aktivierten, m\u00fchelosen Mechanismus pr\u00e4sentiert.<br \/>\nDieses saubere, rauchfreie und benutzerfreundliche Ger\u00e4t entspricht einer Doppelpackung Zigaretten. Der Akku ist bereits geladen und h\u00e4lt w\u00e4hrend der gesamten Nutzungsdauer des IZY durch.<br \/>\nKeine Kn\u00f6pfe oder Schalter, einfach dampfen und genie\u00dfen!<\/p>\n<p>Zutaten: pflanzliches Glycerin (VG), Propylenglykol (PG), Aromen, Nikotin.<\/p>\n","protected":false},"excerpt":{"rendered":"<p><strong>Geschmacksrichtung: <\/strong>Strawberry Ice<strong><br \/>\n<\/strong><strong>Nikotingehalt:<\/strong> 18mg\/ml<br \/>\n<strong>E-Fl\u00fcssigkeit Kapazit\u00e4t<\/strong>: 2ml<br \/>\n<strong>Batteriekapazit\u00e4t<\/strong>: 400mAh<br \/>\n<strong>Puffs<\/strong>: 600<\/p>\n","protected":false},"featured_media":361,"template":"","meta":[],"product_cat":[55,53],"product_tag":[102,101],"acf":[],"yoast_head":"<!-- This site is optimized with the Yoast SEO plugin v22.0 - https:\/\/yoast.com\/wordpress\/plugins\/seo\/ -->\n<title>IZY Vape One - Strawberry Ice 18mg\/ml - Vape Snus<\/title>\n<meta name=\"robots\" content=\"index, follow, max-snippet:-1, max-image-preview:large, max-video-preview:-1\" \/>\n<link rel=\"canonical\" href=\"https:\/\/vapesnus.eu\/de\/produkt\/izy-vape-one-disposable-pod-strawberry-ice\/\" \/>\n<meta property=\"og:locale\" content=\"de_DE\" \/>\n<meta property=\"og:type\" content=\"article\" \/>\n<meta property=\"og:title\" content=\"IZY Vape One - Strawberry Ice 18mg\/ml - Vape Snus\" \/>\n<meta property=\"og:description\" content=\"Geschmacksrichtung: Strawberry Ice Nikotingehalt: 18mg\/ml E-Fl\u00fcssigkeit Kapazit\u00e4t: 2ml Batteriekapazit\u00e4t: 400mAh Puffs: 600\" \/>\n<meta property=\"og:url\" content=\"https:\/\/vapesnus.eu\/de\/produkt\/izy-vape-one-disposable-pod-strawberry-ice\/\" \/>\n<meta property=\"og:site_name\" content=\"Vape Snus\" \/>\n<meta property=\"article:modified_time\" content=\"2025-07-15T09:40:41+00:00\" \/>\n<meta property=\"og:image\" content=\"https:\/\/vapesnus.eu\/wp-content\/uploads\/2023\/10\/IzyOne_Strawberry_Ice-2-1000x1000-1.jpg\" \/>\n\t<meta property=\"og:image:width\" content=\"1000\" \/>\n\t<meta property=\"og:image:height\" content=\"1000\" \/>\n\t<meta property=\"og:image:type\" content=\"image\/jpeg\" \/>\n<meta name=\"twitter:card\" content=\"summary_large_image\" \/>\n<meta name=\"twitter:label1\" content=\"Gesch\u00e4tzte Lesezeit\" \/>\n\t<meta name=\"twitter:data1\" content=\"1 Minute\" \/>\n<script type=\"application\/ld+json\" class=\"yoast-schema-graph\">{\"@context\":\"https:\/\/schema.org\",\"@graph\":[{\"@type\":\"WebPage\",\"@id\":\"https:\/\/vapesnus.eu\/de\/produkt\/izy-vape-one-disposable-pod-strawberry-ice\/\",\"url\":\"https:\/\/vapesnus.eu\/de\/produkt\/izy-vape-one-disposable-pod-strawberry-ice\/\",\"name\":\"IZY Vape One - Strawberry Ice 18mg\/ml - Vape Snus\",\"isPartOf\":{\"@id\":\"https:\/\/vapesnus.eu\/#website\"},\"datePublished\":\"2023-10-28T10:42:28+00:00\",\"dateModified\":\"2025-07-15T09:40:41+00:00\",\"breadcrumb\":{\"@id\":\"https:\/\/vapesnus.eu\/de\/produkt\/izy-vape-one-disposable-pod-strawberry-ice\/#breadcrumb\"},\"inLanguage\":\"de-DE\",\"potentialAction\":[{\"@type\":\"ReadAction\",\"target\":[\"https:\/\/vapesnus.eu\/de\/produkt\/izy-vape-one-disposable-pod-strawberry-ice\/\"]}]},{\"@type\":\"BreadcrumbList\",\"@id\":\"https:\/\/vapesnus.eu\/de\/produkt\/izy-vape-one-disposable-pod-strawberry-ice\/#breadcrumb\",\"itemListElement\":[{\"@type\":\"ListItem\",\"position\":1,\"name\":\"Home\",\"item\":\"https:\/\/vapesnus.eu\/de\/\"},{\"@type\":\"ListItem\",\"position\":2,\"name\":\"IZY Vape One &#8211; Strawberry Ice 18mg\/ml\"}]},{\"@type\":\"WebSite\",\"@id\":\"https:\/\/vapesnus.eu\/#website\",\"url\":\"https:\/\/vapesnus.eu\/\",\"name\":\"VapeSnus\",\"description\":\"Crafted for the discerning enthusiast\",\"publisher\":{\"@id\":\"https:\/\/vapesnus.eu\/#organization\"},\"potentialAction\":[{\"@type\":\"SearchAction\",\"target\":{\"@type\":\"EntryPoint\",\"urlTemplate\":\"https:\/\/vapesnus.eu\/?s={search_term_string}\"},\"query-input\":\"required name=search_term_string\"}],\"inLanguage\":\"de-DE\"},{\"@type\":\"Organization\",\"@id\":\"https:\/\/vapesnus.eu\/#organization\",\"name\":\"VapeSnus\",\"url\":\"https:\/\/vapesnus.eu\/\",\"logo\":{\"@type\":\"ImageObject\",\"inLanguage\":\"de-DE\",\"@id\":\"https:\/\/vapesnus.eu\/#\/schema\/logo\/image\/\",\"url\":\"https:\/\/vapesnus.eu\/wp-content\/uploads\/2023\/11\/vapesnus.webp\",\"contentUrl\":\"https:\/\/vapesnus.eu\/wp-content\/uploads\/2023\/11\/vapesnus.webp\",\"width\":942,\"height\":346,\"caption\":\"VapeSnus\"},\"image\":{\"@id\":\"https:\/\/vapesnus.eu\/#\/schema\/logo\/image\/\"}}]}<\/script>\n<!-- \/ Yoast SEO plugin. -->","yoast_head_json":{"title":"IZY Vape One - Strawberry Ice 18mg\/ml - Vape Snus","robots":{"index":"index","follow":"follow","max-snippet":"max-snippet:-1","max-image-preview":"max-image-preview:large","max-video-preview":"max-video-preview:-1"},"canonical":"https:\/\/vapesnus.eu\/de\/produkt\/izy-vape-one-disposable-pod-strawberry-ice\/","og_locale":"de_DE","og_type":"article","og_title":"IZY Vape One - Strawberry Ice 18mg\/ml - Vape Snus","og_description":"Geschmacksrichtung: Strawberry Ice Nikotingehalt: 18mg\/ml E-Fl\u00fcssigkeit Kapazit\u00e4t: 2ml Batteriekapazit\u00e4t: 400mAh Puffs: 600","og_url":"https:\/\/vapesnus.eu\/de\/produkt\/izy-vape-one-disposable-pod-strawberry-ice\/","og_site_name":"Vape Snus","article_modified_time":"2025-07-15T09:40:41+00:00","og_image":[{"width":1000,"height":1000,"url":"https:\/\/vapesnus.eu\/wp-content\/uploads\/2023\/10\/IzyOne_Strawberry_Ice-2-1000x1000-1.jpg","type":"image\/jpeg"}],"twitter_card":"summary_large_image","twitter_misc":{"Gesch\u00e4tzte Lesezeit":"1 Minute"},"schema":{"@context":"https:\/\/schema.org","@graph":[{"@type":"WebPage","@id":"https:\/\/vapesnus.eu\/de\/produkt\/izy-vape-one-disposable-pod-strawberry-ice\/","url":"https:\/\/vapesnus.eu\/de\/produkt\/izy-vape-one-disposable-pod-strawberry-ice\/","name":"IZY Vape One - Strawberry Ice 18mg\/ml - Vape Snus","isPartOf":{"@id":"https:\/\/vapesnus.eu\/#website"},"datePublished":"2023-10-28T10:42:28+00:00","dateModified":"2025-07-15T09:40:41+00:00","breadcrumb":{"@id":"https:\/\/vapesnus.eu\/de\/produkt\/izy-vape-one-disposable-pod-strawberry-ice\/#breadcrumb"},"inLanguage":"de-DE","potentialAction":[{"@type":"ReadAction","target":["https:\/\/vapesnus.eu\/de\/produkt\/izy-vape-one-disposable-pod-strawberry-ice\/"]}]},{"@type":"BreadcrumbList","@id":"https:\/\/vapesnus.eu\/de\/produkt\/izy-vape-one-disposable-pod-strawberry-ice\/#breadcrumb","itemListElement":[{"@type":"ListItem","position":1,"name":"Home","item":"https:\/\/vapesnus.eu\/de\/"},{"@type":"ListItem","position":2,"name":"IZY Vape One &#8211; Strawberry Ice 18mg\/ml"}]},{"@type":"WebSite","@id":"https:\/\/vapesnus.eu\/#website","url":"https:\/\/vapesnus.eu\/","name":"VapeSnus","description":"Crafted for the discerning enthusiast","publisher":{"@id":"https:\/\/vapesnus.eu\/#organization"},"potentialAction":[{"@type":"SearchAction","target":{"@type":"EntryPoint","urlTemplate":"https:\/\/vapesnus.eu\/?s={search_term_string}"},"query-input":"required name=search_term_string"}],"inLanguage":"de-DE"},{"@type":"Organization","@id":"https:\/\/vapesnus.eu\/#organization","name":"VapeSnus","url":"https:\/\/vapesnus.eu\/","logo":{"@type":"ImageObject","inLanguage":"de-DE","@id":"https:\/\/vapesnus.eu\/#\/schema\/logo\/image\/","url":"https:\/\/vapesnus.eu\/wp-content\/uploads\/2023\/11\/vapesnus.webp","contentUrl":"https:\/\/vapesnus.eu\/wp-content\/uploads\/2023\/11\/vapesnus.webp","width":942,"height":346,"caption":"VapeSnus"},"image":{"@id":"https:\/\/vapesnus.eu\/#\/schema\/logo\/image\/"}}]}},"_links":{"self":[{"href":"https:\/\/vapesnus.eu\/de\/wp-json\/wp\/v2\/product\/450"}],"collection":[{"href":"https:\/\/vapesnus.eu\/de\/wp-json\/wp\/v2\/product"}],"about":[{"href":"https:\/\/vapesnus.eu\/de\/wp-json\/wp\/v2\/types\/product"}],"wp:featuredmedia":[{"embeddable":true,"href":"https:\/\/vapesnus.eu\/de\/wp-json\/wp\/v2\/media\/361"}],"wp:attachment":[{"href":"https:\/\/vapesnus.eu\/de\/wp-json\/wp\/v2\/media?parent=450"}],"wp:term":[{"taxonomy":"product_cat","embeddable":true,"href":"https:\/\/vapesnus.eu\/de\/wp-json\/wp\/v2\/product_cat?post=450"},{"taxonomy":"product_tag","embeddable":true,"href":"https:\/\/vapesnus.eu\/de\/wp-json\/wp\/v2\/product_tag?post=450"}],"curies":[{"name":"wp","href":"https:\/\/api.w.org\/{rel}","templated":true}]}}