{"id":394,"date":"2023-10-28T10:21:03","date_gmt":"2023-10-28T10:21:03","guid":{"rendered":"https:\/\/vapesnus.eu\/product\/vozol-d6-dual-vape-lychee-eis-pinke-limonade-20mg-ml\/"},"modified":"2025-02-06T17:22:31","modified_gmt":"2025-02-06T17:22:31","slug":"vozol-d6-dual-wegwerf-pod-lychee-eiszapfen-limonade","status":"publish","type":"product","link":"https:\/\/vapesnus.eu\/de\/produkt\/vozol-d6-dual-wegwerf-pod-lychee-eiszapfen-limonade\/","title":{"rendered":"VOZOL D6 Dual Vape &#8211; Lychee Ice \/ Pink Lemonade 20mg\/ml"},"content":{"rendered":"<p>VOZOL D6 Einweg-Kit hat zwei separate 2ml-Beh\u00e4lter, um zwei Geschmacksrichtungen zu unterst\u00fctzen. Mit einem Ger\u00e4t k\u00f6nnen 500 Z\u00fcge von jeder Geschmacksrichtung genossen werden.<br \/>\nSie brauchen nicht mehr 2 schwere Ger\u00e4te zu tragen. Die beiden getrennten Fl\u00fcssigkeitsbeh\u00e4lter haben 2 unterschiedliche Luftstr\u00f6me, wodurch eine Vermischung der Aromen im selben Ger\u00e4t vermieden werden kann.<br \/>\nMit einem 640mAh (320mAh pro St\u00fcck) eingebauten Akku, kann es bringen Sie etwa 1000 Puffs &#8222;des Verdampfens. Das Design ist von einer k\u00fchnen, modernen \u00c4sthetik gepr\u00e4gt, sein Erscheinungsbild ist schlank und leicht, mit sch\u00f6nen hellen Farben.<\/p>\n<p>Zutaten: pflanzliches Glycerin (VG), Propylenglykol (PG), Aromen, Nikotin.<\/p>\n","protected":false},"excerpt":{"rendered":"<p><strong>Geschmack:<\/strong> Lychee Ice \/ Pink Lemonade<strong><br \/>\n<\/strong><strong>Nikotingehalt:<\/strong> 20mg\/ml<br \/>\n<strong>E-Fl\u00fcssigkeit Kapazit\u00e4t<\/strong>: 4ml (2ml + 2ml)<br \/>\n<strong>Batteriekapazit\u00e4t<\/strong>: 640mAh (320mAh + 320mAh)<br \/>\n<strong>Puffs<\/strong>: 1000 (500 + 500)<\/p>\n","protected":false},"featured_media":354,"template":"","meta":[],"product_cat":[53,54],"product_tag":[100,102,101],"acf":[],"yoast_head":"<!-- This site is optimized with the Yoast SEO plugin v22.0 - https:\/\/yoast.com\/wordpress\/plugins\/seo\/ -->\n<title>VOZOL D6 Dual Vape - Lychee Ice \/ Pink Lemonade 20mg\/ml - Vape Snus<\/title>\n<meta name=\"robots\" content=\"index, follow, max-snippet:-1, max-image-preview:large, max-video-preview:-1\" \/>\n<link rel=\"canonical\" href=\"https:\/\/vapesnus.eu\/de\/produkt\/vozol-d6-dual-wegwerf-pod-lychee-eiszapfen-limonade\/\" \/>\n<meta property=\"og:locale\" content=\"de_DE\" \/>\n<meta property=\"og:type\" content=\"article\" \/>\n<meta property=\"og:title\" content=\"VOZOL D6 Dual Vape - Lychee Ice \/ Pink Lemonade 20mg\/ml - Vape Snus\" \/>\n<meta property=\"og:description\" content=\"Geschmack: Lychee Ice \/ Pink Lemonade Nikotingehalt: 20mg\/ml E-Fl\u00fcssigkeit Kapazit\u00e4t: 4ml (2ml + 2ml) Batteriekapazit\u00e4t: 640mAh (320mAh + 320mAh) Puffs: 1000 (500 + 500)\" \/>\n<meta property=\"og:url\" content=\"https:\/\/vapesnus.eu\/de\/produkt\/vozol-d6-dual-wegwerf-pod-lychee-eiszapfen-limonade\/\" \/>\n<meta property=\"og:site_name\" content=\"Vape Snus\" \/>\n<meta property=\"article:modified_time\" content=\"2025-02-06T17:22:31+00:00\" \/>\n<meta property=\"og:image\" content=\"https:\/\/vapesnus.eu\/wp-content\/uploads\/2023\/10\/VOZOL-D6-Lychee-Ice_Pink-Lemonade.png\" \/>\n\t<meta property=\"og:image:width\" content=\"2000\" \/>\n\t<meta property=\"og:image:height\" content=\"2000\" \/>\n\t<meta property=\"og:image:type\" content=\"image\/png\" \/>\n<meta name=\"twitter:card\" content=\"summary_large_image\" \/>\n<meta name=\"twitter:label1\" content=\"Gesch\u00e4tzte Lesezeit\" \/>\n\t<meta name=\"twitter:data1\" content=\"1 Minute\" \/>\n<script type=\"application\/ld+json\" class=\"yoast-schema-graph\">{\"@context\":\"https:\/\/schema.org\",\"@graph\":[{\"@type\":\"WebPage\",\"@id\":\"https:\/\/vapesnus.eu\/de\/produkt\/vozol-d6-dual-wegwerf-pod-lychee-eiszapfen-limonade\/\",\"url\":\"https:\/\/vapesnus.eu\/de\/produkt\/vozol-d6-dual-wegwerf-pod-lychee-eiszapfen-limonade\/\",\"name\":\"VOZOL D6 Dual Vape - Lychee Ice \/ Pink Lemonade 20mg\/ml - Vape Snus\",\"isPartOf\":{\"@id\":\"https:\/\/vapesnus.eu\/#website\"},\"datePublished\":\"2023-10-28T10:21:03+00:00\",\"dateModified\":\"2025-02-06T17:22:31+00:00\",\"breadcrumb\":{\"@id\":\"https:\/\/vapesnus.eu\/de\/produkt\/vozol-d6-dual-wegwerf-pod-lychee-eiszapfen-limonade\/#breadcrumb\"},\"inLanguage\":\"de-DE\",\"potentialAction\":[{\"@type\":\"ReadAction\",\"target\":[\"https:\/\/vapesnus.eu\/de\/produkt\/vozol-d6-dual-wegwerf-pod-lychee-eiszapfen-limonade\/\"]}]},{\"@type\":\"BreadcrumbList\",\"@id\":\"https:\/\/vapesnus.eu\/de\/produkt\/vozol-d6-dual-wegwerf-pod-lychee-eiszapfen-limonade\/#breadcrumb\",\"itemListElement\":[{\"@type\":\"ListItem\",\"position\":1,\"name\":\"Home\",\"item\":\"https:\/\/vapesnus.eu\/de\/\"},{\"@type\":\"ListItem\",\"position\":2,\"name\":\"VOZOL D6 Dual Vape &#8211; Lychee Ice \/ Pink Lemonade 20mg\/ml\"}]},{\"@type\":\"WebSite\",\"@id\":\"https:\/\/vapesnus.eu\/#website\",\"url\":\"https:\/\/vapesnus.eu\/\",\"name\":\"VapeSnus\",\"description\":\"Crafted for the discerning enthusiast\",\"publisher\":{\"@id\":\"https:\/\/vapesnus.eu\/#organization\"},\"potentialAction\":[{\"@type\":\"SearchAction\",\"target\":{\"@type\":\"EntryPoint\",\"urlTemplate\":\"https:\/\/vapesnus.eu\/?s={search_term_string}\"},\"query-input\":\"required name=search_term_string\"}],\"inLanguage\":\"de-DE\"},{\"@type\":\"Organization\",\"@id\":\"https:\/\/vapesnus.eu\/#organization\",\"name\":\"VapeSnus\",\"url\":\"https:\/\/vapesnus.eu\/\",\"logo\":{\"@type\":\"ImageObject\",\"inLanguage\":\"de-DE\",\"@id\":\"https:\/\/vapesnus.eu\/#\/schema\/logo\/image\/\",\"url\":\"https:\/\/vapesnus.eu\/wp-content\/uploads\/2023\/11\/vapesnus.webp\",\"contentUrl\":\"https:\/\/vapesnus.eu\/wp-content\/uploads\/2023\/11\/vapesnus.webp\",\"width\":942,\"height\":346,\"caption\":\"VapeSnus\"},\"image\":{\"@id\":\"https:\/\/vapesnus.eu\/#\/schema\/logo\/image\/\"}}]}<\/script>\n<!-- \/ Yoast SEO plugin. -->","yoast_head_json":{"title":"VOZOL D6 Dual Vape - Lychee Ice \/ Pink Lemonade 20mg\/ml - Vape Snus","robots":{"index":"index","follow":"follow","max-snippet":"max-snippet:-1","max-image-preview":"max-image-preview:large","max-video-preview":"max-video-preview:-1"},"canonical":"https:\/\/vapesnus.eu\/de\/produkt\/vozol-d6-dual-wegwerf-pod-lychee-eiszapfen-limonade\/","og_locale":"de_DE","og_type":"article","og_title":"VOZOL D6 Dual Vape - Lychee Ice \/ Pink Lemonade 20mg\/ml - Vape Snus","og_description":"Geschmack: Lychee Ice \/ Pink Lemonade Nikotingehalt: 20mg\/ml E-Fl\u00fcssigkeit Kapazit\u00e4t: 4ml (2ml + 2ml) Batteriekapazit\u00e4t: 640mAh (320mAh + 320mAh) Puffs: 1000 (500 + 500)","og_url":"https:\/\/vapesnus.eu\/de\/produkt\/vozol-d6-dual-wegwerf-pod-lychee-eiszapfen-limonade\/","og_site_name":"Vape Snus","article_modified_time":"2025-02-06T17:22:31+00:00","og_image":[{"width":2000,"height":2000,"url":"https:\/\/vapesnus.eu\/wp-content\/uploads\/2023\/10\/VOZOL-D6-Lychee-Ice_Pink-Lemonade.png","type":"image\/png"}],"twitter_card":"summary_large_image","twitter_misc":{"Gesch\u00e4tzte Lesezeit":"1 Minute"},"schema":{"@context":"https:\/\/schema.org","@graph":[{"@type":"WebPage","@id":"https:\/\/vapesnus.eu\/de\/produkt\/vozol-d6-dual-wegwerf-pod-lychee-eiszapfen-limonade\/","url":"https:\/\/vapesnus.eu\/de\/produkt\/vozol-d6-dual-wegwerf-pod-lychee-eiszapfen-limonade\/","name":"VOZOL D6 Dual Vape - Lychee Ice \/ Pink Lemonade 20mg\/ml - Vape Snus","isPartOf":{"@id":"https:\/\/vapesnus.eu\/#website"},"datePublished":"2023-10-28T10:21:03+00:00","dateModified":"2025-02-06T17:22:31+00:00","breadcrumb":{"@id":"https:\/\/vapesnus.eu\/de\/produkt\/vozol-d6-dual-wegwerf-pod-lychee-eiszapfen-limonade\/#breadcrumb"},"inLanguage":"de-DE","potentialAction":[{"@type":"ReadAction","target":["https:\/\/vapesnus.eu\/de\/produkt\/vozol-d6-dual-wegwerf-pod-lychee-eiszapfen-limonade\/"]}]},{"@type":"BreadcrumbList","@id":"https:\/\/vapesnus.eu\/de\/produkt\/vozol-d6-dual-wegwerf-pod-lychee-eiszapfen-limonade\/#breadcrumb","itemListElement":[{"@type":"ListItem","position":1,"name":"Home","item":"https:\/\/vapesnus.eu\/de\/"},{"@type":"ListItem","position":2,"name":"VOZOL D6 Dual Vape &#8211; Lychee Ice \/ Pink Lemonade 20mg\/ml"}]},{"@type":"WebSite","@id":"https:\/\/vapesnus.eu\/#website","url":"https:\/\/vapesnus.eu\/","name":"VapeSnus","description":"Crafted for the discerning enthusiast","publisher":{"@id":"https:\/\/vapesnus.eu\/#organization"},"potentialAction":[{"@type":"SearchAction","target":{"@type":"EntryPoint","urlTemplate":"https:\/\/vapesnus.eu\/?s={search_term_string}"},"query-input":"required name=search_term_string"}],"inLanguage":"de-DE"},{"@type":"Organization","@id":"https:\/\/vapesnus.eu\/#organization","name":"VapeSnus","url":"https:\/\/vapesnus.eu\/","logo":{"@type":"ImageObject","inLanguage":"de-DE","@id":"https:\/\/vapesnus.eu\/#\/schema\/logo\/image\/","url":"https:\/\/vapesnus.eu\/wp-content\/uploads\/2023\/11\/vapesnus.webp","contentUrl":"https:\/\/vapesnus.eu\/wp-content\/uploads\/2023\/11\/vapesnus.webp","width":942,"height":346,"caption":"VapeSnus"},"image":{"@id":"https:\/\/vapesnus.eu\/#\/schema\/logo\/image\/"}}]}},"_links":{"self":[{"href":"https:\/\/vapesnus.eu\/de\/wp-json\/wp\/v2\/product\/394"}],"collection":[{"href":"https:\/\/vapesnus.eu\/de\/wp-json\/wp\/v2\/product"}],"about":[{"href":"https:\/\/vapesnus.eu\/de\/wp-json\/wp\/v2\/types\/product"}],"wp:featuredmedia":[{"embeddable":true,"href":"https:\/\/vapesnus.eu\/de\/wp-json\/wp\/v2\/media\/354"}],"wp:attachment":[{"href":"https:\/\/vapesnus.eu\/de\/wp-json\/wp\/v2\/media?parent=394"}],"wp:term":[{"taxonomy":"product_cat","embeddable":true,"href":"https:\/\/vapesnus.eu\/de\/wp-json\/wp\/v2\/product_cat?post=394"},{"taxonomy":"product_tag","embeddable":true,"href":"https:\/\/vapesnus.eu\/de\/wp-json\/wp\/v2\/product_tag?post=394"}],"curies":[{"name":"wp","href":"https:\/\/api.w.org\/{rel}","templated":true}]}}