{"id":396,"date":"2023-10-26T12:11:24","date_gmt":"2023-10-26T12:11:24","guid":{"rendered":"https:\/\/vapesnus.eu\/datenschutzbestimmungen\/"},"modified":"2024-07-29T11:20:35","modified_gmt":"2024-07-29T11:20:35","slug":"datenschutzbestimmungen","status":"publish","type":"page","link":"https:\/\/vapesnus.eu\/de\/datenschutzbestimmungen\/","title":{"rendered":"Datenschutzbestimmungen"},"content":{"rendered":"\n<div style=\"height:60px\" aria-hidden=\"true\" class=\"wp-block-spacer\"><\/div>\n\n<h2 class=\"wp-block-heading has-text-align-center\">Datenschutzbestimmungen<\/h2>\n\n<p>Datenschutz Pers\u00f6nliche Daten, die Sie uns im Zusammenhang mit der Bestellung von Waren auf <a href=\"https:\/\/vapesnus.eu\/de\/\">https:\/\/vapesnus.eu\/<\/a> zur Verf\u00fcgung stellen, werden in erster Linie f\u00fcr die Bearbeitung Ihrer Bestellung und f\u00fcr die anschlie\u00dfende Verwaltung im Zusammenhang mit der Bestellung verwendet (Ausstellung einer Rechnung und deren \u00dcbermittlung an die Buchhaltung, Bereitstellung von Kontaktinformationen f\u00fcr den Spediteur und m\u00f6glicherweise f\u00fcr die Bearbeitung von R\u00fccksendungen und Beschwerden \u00fcber Produkte). Bedingungen f\u00fcr den Schutz personenbezogener Daten von Kunden des Online-Shops <a href=\"https:\/\/vapesnus.eu\/de\/\">https:\/\/vapesnus.eu\/<\/a>, die zum Zwecke der Auftragserf\u00fcllung\/Bearbeitung von Reklamationen erhoben werden<\/p>\n\n<p><strong>I. Grundlegende Bestimmungen<\/strong><\/p>\n\n<p>Der f\u00fcr die Verarbeitung personenbezogener Daten Verantwortliche im Sinne von Art. 4 Nr. 7 der Verordnung (EU) 2016\/679 des Europ\u00e4ischen Parlaments und des Rates zum Schutz nat\u00fcrlicher Personen bei der Verarbeitung personenbezogener Daten und zum freien Datenverkehr (im Folgenden &#8222;DSGVO&#8220;) ist die ADBAR 4U s.r.o., Business ID (I\u010c) 17831717, mit Sitz in Nad Okrouhl\u00edkem 2372\/12, 182 00 Prag (im Folgenden &#8222;Verantwortlicher&#8220;). Die Kontaktdaten des f\u00fcr die Verarbeitung Verantwortlichen sind &#8211; Adresse: Nad Okrouhl\u00edkem 2372\/12, 182 00 Prag, E-Mail: <a href=\"mailto:info@vapesnus.eu\">info@vapesnus.eu,<\/a> Telefon: +420 771 295 196<\/p>\n\n<p>Personenbezogene Daten sind alle Informationen \u00fcber eine bestimmte oder bestimmbare nat\u00fcrliche Person; als bestimmbar wird eine nat\u00fcrliche Person angesehen, die direkt oder indirekt identifiziert werden kann, insbesondere durch Zuordnung zu einer Kennung wie einem Namen, zu einer Kennnummer, zu Standortdaten, zu einer Netzkennung oder zu einem oder mehreren besonderen Merkmalen der physischen, physiologischen, genetischen, psychischen, wirtschaftlichen, kulturellen oder sozialen Identit\u00e4t dieser nat\u00fcrlichen Person.<\/p>\n\n<p><strong>II. Quellen und Kategorien der verarbeiteten personenbezogenen Daten<\/strong><\/p>\n\n<p>Der f\u00fcr die Verarbeitung Verantwortliche verarbeitet personenbezogene Daten, die Sie ihm zur Verf\u00fcgung gestellt haben, oder personenbezogene Daten, die der f\u00fcr die Verarbeitung Verantwortliche aufgrund der Erf\u00fcllung Ihrer Bestellung erhalten hat.<\/p>\n\n<p><strong>III. Rechtsgrundlage und Zweck der Verarbeitung personenbezogener Daten<\/strong><\/p>\n\n<p>Der Zweck der Verarbeitung personenbezogener Daten ist:<\/p>\n\n<p>&#8211; Bearbeitung Ihrer Bestellung und Aus\u00fcbung von Rechten und Pflichten aus dem Vertragsverh\u00e4ltnis zwischen Ihnen und dem f\u00fcr die Verarbeitung Verantwortlichen; bei einer Bestellung werden personenbezogene Daten ben\u00f6tigt, die f\u00fcr die erfolgreiche Abwicklung der Bestellung erforderlich sind (Name und Anschrift, Kontakt). Die Bereitstellung personenbezogener Daten ist eine notwendige Voraussetzung f\u00fcr den Abschluss und die Erf\u00fcllung des Vertrags; ohne die Bereitstellung personenbezogener Daten ist der Abschluss oder die Erf\u00fcllung des Vertrags durch den f\u00fcr die Verarbeitung Verantwortlichen nicht m\u00f6glich.<br\/>&#8211; Bearbeitung von Warenr\u00fccksendungen oder Reklamationen und damit zusammenh\u00e4ngende administrative Schritte.<br\/>&#8211; Versendung von Werbebotschaften und Durchf\u00fchrung anderer Marketingaktivit\u00e4ten.<\/p>\n\n<p><strong>IV. Aufbewahrungsfrist der Daten<\/strong><\/p>\n\n<p>Der f\u00fcr die Verarbeitung Verantwortliche speichert personenbezogene Daten so lange, wie dies zur Wahrnehmung der Rechte und Pflichten aus dem Vertragsverh\u00e4ltnis zwischen Ihnen und dem f\u00fcr die Verarbeitung Verantwortlichen und zur Geltendmachung von Anspr\u00fcchen aus diesen Vertragsverh\u00e4ltnissen erforderlich ist (f\u00fcr einen Zeitraum von 15 Jahren nach Beendigung des Vertragsverh\u00e4ltnisses). Nach Ablauf der Aufbewahrungsfrist wird der f\u00fcr die Verarbeitung Verantwortliche die personenbezogenen Daten l\u00f6schen.<\/p>\n\n<p><strong>V. Empf\u00e4nger von personenbezogenen Daten<\/strong> (Unterauftragnehmer des f\u00fcr die Verarbeitung Verantwortlichen)<\/p>\n\n<p>Empf\u00e4nger von personenbezogenen Daten sind nat\u00fcrliche Personen:<\/p>\n\n<p>&#8211; die an der Lieferung von Waren\/Dienstleistungen\/Ausf\u00fchrung von Zahlungen auf der Grundlage des Vertrags beteiligt sind (d.h. Anbieter von Zahlungsgateways, Spediteure, m\u00f6glicherweise Hersteller, wenn die Waren direkt versandt werden)<br\/>&#8211; die Erbringung von E-Shop-Betriebsdienstleistungen (E-Shop-L\u00f6sungsanbieter, Mitarbeiter des f\u00fcr die Verarbeitung Verantwortlichen, die die Auftragsabwicklung \u00fcbernehmen, Buchhalter und deren Mitarbeiter, die die Steuer- und Lohnabrechnungsagenda des f\u00fcr die Verarbeitung Verantwortlichen bearbeiten) und andere Dienstleistungen im Zusammenhang mit dem Betrieb des E-Shops<br\/>&#8211; die Erbringung von Marketingdienstleistungen Der f\u00fcr die Verarbeitung Verantwortliche beabsichtigt, personenbezogene Daten in ein Drittland (in ein Land au\u00dferhalb der EU) oder eine internationale Organisation zu \u00fcbermitteln. Die Empf\u00e4nger der personenbezogenen Daten in Drittl\u00e4ndern sind Mailing-\/Cloud-Dienstleister.<\/p>\n\n<p><strong>VI. Ihre Rechte<\/strong><\/p>\n\n<p>Unter den in der Datenschutz-Grundverordnung festgelegten Bedingungen haben Sie:<\/p>\n\n<p>&#8211; das Recht auf Auskunft \u00fcber Ihre personenbezogenen Daten gem\u00e4\u00df Art. 15 GDPR<br\/>&#8211; das Recht auf Berichtigung personenbezogener Daten gem\u00e4\u00df Art. 16 GDPR, oder auf Einschr\u00e4nkung der Verarbeitung gem\u00e4\u00df Art. 18 GDPR<br\/>&#8211; das Recht auf L\u00f6schung personenbezogener Daten gem\u00e4\u00df Art. 17 GDPR<br\/>&#8211; das Recht auf Widerspruch gegen die Verarbeitung gem\u00e4\u00df Art. 21 GDPR<br\/>&#8211; das Recht auf Daten\u00fcbertragbarkeit gem\u00e4\u00df Art. 20 GDPR<br\/>&#8211; das Recht, die Zustimmung zur Verarbeitung schriftlich oder elektronisch an die Adresse oder E-Mail des f\u00fcr die Verarbeitung Verantwortlichen zu widerrufen, wie in Art. III dieser Bedingungen<br\/>&#8211; das Recht, eine Beschwerde bei der Datenschutzbeh\u00f6rde einzureichen, wenn Sie glauben, dass Ihr Recht auf Datenschutz verletzt wurde<\/p>\n\n<p><strong>VII. Bedingungen f\u00fcr die Sicherheit personenbezogener Daten<\/strong><\/p>\n\n<p>Der f\u00fcr die Verarbeitung Verantwortliche erkl\u00e4rt, dass er alle geeigneten technischen und organisatorischen Ma\u00dfnahmen ergriffen hat, um personenbezogene Daten zu sichern.<br\/>Der f\u00fcr die Verarbeitung Verantwortliche hat technische Ma\u00dfnahmen ergriffen, um die Speicherung von Daten und die Aufbewahrung von personenbezogenen Daten in Papierform zu sichern, insbesondere durch die Sperrung von Papierquellen und die Sicherung elektronischer Daten durch Passw\u00f6rter und Antivirenprogramme. Der f\u00fcr die Verarbeitung Verantwortliche erkl\u00e4rt, dass nur befugtes Personal Zugang zu personenbezogenen Daten hat.<\/p>\n\n<p><strong>VIII. Schlussbestimmungen<\/strong><\/p>\n\n<p>Mit dem Absenden einer Bestellung \u00fcber das Online-Bestellformular best\u00e4tigen Sie, dass Sie mit den Bedingungen zum Schutz personenbezogener Daten vertraut sind und diese in vollem Umfang akzeptieren. Der f\u00fcr die Verarbeitung Verantwortliche ist berechtigt, diese Bedingungen zu \u00e4ndern. Eine neue Fassung der Bedingungen f\u00fcr den Schutz personenbezogener Daten wird sp\u00e4testens an dem Tag, an dem die vorherigen Bedingungen ge\u00e4ndert werden, auf ihrer Website ver\u00f6ffentlicht.<\/p>\n\n<p>Diese Bedingungen treten am 1. August 2023 in Kraft.<\/p>\n\n<div style=\"height:100px\" aria-hidden=\"true\" class=\"wp-block-spacer\"><\/div>\n","protected":false},"excerpt":{"rendered":"<p>Datenschutzbestimmungen Datenschutz Pers\u00f6nliche Daten, die Sie uns im Zusammenhang mit der Bestellung von Waren auf https:\/\/vapesnus.eu\/ zur Verf\u00fcgung stellen, werden in erster Linie f\u00fcr die Bearbeitung Ihrer Bestellung und f\u00fcr die anschlie\u00dfende Verwaltung im Zusammenhang mit der Bestellung verwendet (Ausstellung einer Rechnung und deren \u00dcbermittlung an die Buchhaltung, Bereitstellung von Kontaktinformationen f\u00fcr den Spediteur und [&hellip;]<\/p>\n","protected":false},"author":1,"featured_media":0,"parent":0,"menu_order":0,"comment_status":"closed","ping_status":"open","template":"","meta":{"footnotes":""},"acf":[],"yoast_head":"<!-- This site is optimized with the Yoast SEO plugin v22.0 - https:\/\/yoast.com\/wordpress\/plugins\/seo\/ -->\n<title>Datenschutzbestimmungen - Vape Snus<\/title>\n<meta name=\"description\" content=\"Erfahren Sie, wie VapeSnus.eu Ihre Daten sch\u00fctzt und Ihre Privatsph\u00e4re sicherstellt.\" \/>\n<meta name=\"robots\" content=\"index, follow, max-snippet:-1, max-image-preview:large, max-video-preview:-1\" \/>\n<link rel=\"canonical\" href=\"https:\/\/vapesnus.eu\/de\/datenschutzbestimmungen\/\" \/>\n<meta property=\"og:locale\" content=\"de_DE\" \/>\n<meta property=\"og:type\" content=\"article\" \/>\n<meta property=\"og:title\" content=\"Datenschutzbestimmungen - Vape Snus\" \/>\n<meta property=\"og:description\" content=\"Erfahren Sie, wie VapeSnus.eu Ihre Daten sch\u00fctzt und Ihre Privatsph\u00e4re sicherstellt.\" \/>\n<meta property=\"og:url\" content=\"https:\/\/vapesnus.eu\/de\/datenschutzbestimmungen\/\" \/>\n<meta property=\"og:site_name\" content=\"Vape Snus\" \/>\n<meta property=\"article:modified_time\" content=\"2024-07-29T11:20:35+00:00\" \/>\n<meta property=\"og:image\" content=\"https:\/\/vapesnus.eu\/wp-content\/uploads\/2023\/10\/vapes.png\" \/>\n\t<meta property=\"og:image:width\" content=\"504\" \/>\n\t<meta property=\"og:image:height\" content=\"210\" \/>\n\t<meta property=\"og:image:type\" content=\"image\/png\" \/>\n<meta name=\"twitter:card\" content=\"summary_large_image\" \/>\n<meta name=\"twitter:label1\" content=\"Gesch\u00e4tzte Lesezeit\" \/>\n\t<meta name=\"twitter:data1\" content=\"5 Minuten\" \/>\n<script type=\"application\/ld+json\" class=\"yoast-schema-graph\">{\"@context\":\"https:\/\/schema.org\",\"@graph\":[{\"@type\":\"WebPage\",\"@id\":\"https:\/\/vapesnus.eu\/de\/datenschutzbestimmungen\/\",\"url\":\"https:\/\/vapesnus.eu\/de\/datenschutzbestimmungen\/\",\"name\":\"Datenschutzbestimmungen - Vape Snus\",\"isPartOf\":{\"@id\":\"https:\/\/vapesnus.eu\/#website\"},\"datePublished\":\"2023-10-26T12:11:24+00:00\",\"dateModified\":\"2024-07-29T11:20:35+00:00\",\"description\":\"Erfahren Sie, wie VapeSnus.eu Ihre Daten sch\u00fctzt und Ihre Privatsph\u00e4re sicherstellt.\",\"breadcrumb\":{\"@id\":\"https:\/\/vapesnus.eu\/de\/datenschutzbestimmungen\/#breadcrumb\"},\"inLanguage\":\"de-DE\",\"potentialAction\":[{\"@type\":\"ReadAction\",\"target\":[\"https:\/\/vapesnus.eu\/de\/datenschutzbestimmungen\/\"]}]},{\"@type\":\"BreadcrumbList\",\"@id\":\"https:\/\/vapesnus.eu\/de\/datenschutzbestimmungen\/#breadcrumb\",\"itemListElement\":[{\"@type\":\"ListItem\",\"position\":1,\"name\":\"Home\",\"item\":\"https:\/\/vapesnus.eu\/de\/\"},{\"@type\":\"ListItem\",\"position\":2,\"name\":\"Datenschutzbestimmungen\"}]},{\"@type\":\"WebSite\",\"@id\":\"https:\/\/vapesnus.eu\/#website\",\"url\":\"https:\/\/vapesnus.eu\/\",\"name\":\"VapeSnus\",\"description\":\"Crafted for the discerning enthusiast\",\"publisher\":{\"@id\":\"https:\/\/vapesnus.eu\/#organization\"},\"potentialAction\":[{\"@type\":\"SearchAction\",\"target\":{\"@type\":\"EntryPoint\",\"urlTemplate\":\"https:\/\/vapesnus.eu\/?s={search_term_string}\"},\"query-input\":\"required name=search_term_string\"}],\"inLanguage\":\"de-DE\"},{\"@type\":\"Organization\",\"@id\":\"https:\/\/vapesnus.eu\/#organization\",\"name\":\"VapeSnus\",\"url\":\"https:\/\/vapesnus.eu\/\",\"logo\":{\"@type\":\"ImageObject\",\"inLanguage\":\"de-DE\",\"@id\":\"https:\/\/vapesnus.eu\/#\/schema\/logo\/image\/\",\"url\":\"https:\/\/vapesnus.eu\/wp-content\/uploads\/2023\/11\/vapesnus.webp\",\"contentUrl\":\"https:\/\/vapesnus.eu\/wp-content\/uploads\/2023\/11\/vapesnus.webp\",\"width\":942,\"height\":346,\"caption\":\"VapeSnus\"},\"image\":{\"@id\":\"https:\/\/vapesnus.eu\/#\/schema\/logo\/image\/\"}}]}<\/script>\n<!-- \/ Yoast SEO plugin. -->","yoast_head_json":{"title":"Datenschutzbestimmungen - Vape Snus","description":"Erfahren Sie, wie VapeSnus.eu Ihre Daten sch\u00fctzt und Ihre Privatsph\u00e4re sicherstellt.","robots":{"index":"index","follow":"follow","max-snippet":"max-snippet:-1","max-image-preview":"max-image-preview:large","max-video-preview":"max-video-preview:-1"},"canonical":"https:\/\/vapesnus.eu\/de\/datenschutzbestimmungen\/","og_locale":"de_DE","og_type":"article","og_title":"Datenschutzbestimmungen - Vape Snus","og_description":"Erfahren Sie, wie VapeSnus.eu Ihre Daten sch\u00fctzt und Ihre Privatsph\u00e4re sicherstellt.","og_url":"https:\/\/vapesnus.eu\/de\/datenschutzbestimmungen\/","og_site_name":"Vape Snus","article_modified_time":"2024-07-29T11:20:35+00:00","og_image":[{"width":504,"height":210,"url":"https:\/\/vapesnus.eu\/wp-content\/uploads\/2023\/10\/vapes.png","type":"image\/png"}],"twitter_card":"summary_large_image","twitter_misc":{"Gesch\u00e4tzte Lesezeit":"5 Minuten"},"schema":{"@context":"https:\/\/schema.org","@graph":[{"@type":"WebPage","@id":"https:\/\/vapesnus.eu\/de\/datenschutzbestimmungen\/","url":"https:\/\/vapesnus.eu\/de\/datenschutzbestimmungen\/","name":"Datenschutzbestimmungen - Vape Snus","isPartOf":{"@id":"https:\/\/vapesnus.eu\/#website"},"datePublished":"2023-10-26T12:11:24+00:00","dateModified":"2024-07-29T11:20:35+00:00","description":"Erfahren Sie, wie VapeSnus.eu Ihre Daten sch\u00fctzt und Ihre Privatsph\u00e4re sicherstellt.","breadcrumb":{"@id":"https:\/\/vapesnus.eu\/de\/datenschutzbestimmungen\/#breadcrumb"},"inLanguage":"de-DE","potentialAction":[{"@type":"ReadAction","target":["https:\/\/vapesnus.eu\/de\/datenschutzbestimmungen\/"]}]},{"@type":"BreadcrumbList","@id":"https:\/\/vapesnus.eu\/de\/datenschutzbestimmungen\/#breadcrumb","itemListElement":[{"@type":"ListItem","position":1,"name":"Home","item":"https:\/\/vapesnus.eu\/de\/"},{"@type":"ListItem","position":2,"name":"Datenschutzbestimmungen"}]},{"@type":"WebSite","@id":"https:\/\/vapesnus.eu\/#website","url":"https:\/\/vapesnus.eu\/","name":"VapeSnus","description":"Crafted for the discerning enthusiast","publisher":{"@id":"https:\/\/vapesnus.eu\/#organization"},"potentialAction":[{"@type":"SearchAction","target":{"@type":"EntryPoint","urlTemplate":"https:\/\/vapesnus.eu\/?s={search_term_string}"},"query-input":"required name=search_term_string"}],"inLanguage":"de-DE"},{"@type":"Organization","@id":"https:\/\/vapesnus.eu\/#organization","name":"VapeSnus","url":"https:\/\/vapesnus.eu\/","logo":{"@type":"ImageObject","inLanguage":"de-DE","@id":"https:\/\/vapesnus.eu\/#\/schema\/logo\/image\/","url":"https:\/\/vapesnus.eu\/wp-content\/uploads\/2023\/11\/vapesnus.webp","contentUrl":"https:\/\/vapesnus.eu\/wp-content\/uploads\/2023\/11\/vapesnus.webp","width":942,"height":346,"caption":"VapeSnus"},"image":{"@id":"https:\/\/vapesnus.eu\/#\/schema\/logo\/image\/"}}]}},"_links":{"self":[{"href":"https:\/\/vapesnus.eu\/de\/wp-json\/wp\/v2\/pages\/396"}],"collection":[{"href":"https:\/\/vapesnus.eu\/de\/wp-json\/wp\/v2\/pages"}],"about":[{"href":"https:\/\/vapesnus.eu\/de\/wp-json\/wp\/v2\/types\/page"}],"author":[{"embeddable":true,"href":"https:\/\/vapesnus.eu\/de\/wp-json\/wp\/v2\/users\/1"}],"replies":[{"embeddable":true,"href":"https:\/\/vapesnus.eu\/de\/wp-json\/wp\/v2\/comments?post=396"}],"version-history":[{"count":5,"href":"https:\/\/vapesnus.eu\/de\/wp-json\/wp\/v2\/pages\/396\/revisions"}],"predecessor-version":[{"id":1199,"href":"https:\/\/vapesnus.eu\/de\/wp-json\/wp\/v2\/pages\/396\/revisions\/1199"}],"wp:attachment":[{"href":"https:\/\/vapesnus.eu\/de\/wp-json\/wp\/v2\/media?parent=396"}],"curies":[{"name":"wp","href":"https:\/\/api.w.org\/{rel}","templated":true}]}}